{"id":1052,"date":"2021-01-20T08:45:14","date_gmt":"2021-01-20T08:45:14","guid":{"rendered":"https:\/\/admirablemoroccotours.com\/sobre-nosotros\/"},"modified":"2023-02-10T15:41:49","modified_gmt":"2023-02-10T15:41:49","slug":"sobre-nosotros","status":"publish","type":"page","link":"https:\/\/admirablemoroccotours.com\/es\/sobre-nosotros\/","title":{"rendered":"Sobre Nosotros"},"content":{"rendered":"\t\t<div data-elementor-type=\"wp-post\" data-elementor-id=\"1052\" class=\"elementor elementor-1052 elementor-14\" data-elementor-post-type=\"page\">\n\t\t\t\t\t\t<section class=\"elementor-section elementor-top-section elementor-element elementor-element-8665b1c elementor-section-stretched elementor-section-boxed elementor-section-height-default elementor-section-height-default\" data-id=\"8665b1c\" data-element_type=\"section\" data-settings=\"{&quot;stretch_section&quot;:&quot;section-stretched&quot;,&quot;background_background&quot;:&quot;classic&quot;}\">\n\t\t\t\t\t\t<div class=\"elementor-container elementor-column-gap-default\">\n\t\t\t\t\t<div class=\"elementor-column elementor-col-100 elementor-top-column elementor-element elementor-element-ebca0ba\" data-id=\"ebca0ba\" data-element_type=\"column\">\n\t\t\t<div class=\"elementor-widget-wrap elementor-element-populated\">\n\t\t\t\t\t\t<div class=\"elementor-element elementor-element-58e6d3d0 elementor-widget elementor-widget-heading\" data-id=\"58e6d3d0\" data-element_type=\"widget\" data-widget_type=\"heading.default\">\n\t\t\t\t<div class=\"elementor-widget-container\">\n\t\t\t\t\t<h1 class=\"elementor-heading-title elementor-size-default\">Sobre Nosotros<\/h1>\t\t\t\t<\/div>\n\t\t\t\t<\/div>\n\t\t\t\t\t<\/div>\n\t\t<\/div>\n\t\t\t\t\t<\/div>\n\t\t<\/section>\n\t\t\t\t<section class=\"elementor-section elementor-top-section elementor-element elementor-element-dcf8927 elementor-section-stretched elementor-section-boxed elementor-section-height-default elementor-section-height-default\" data-id=\"dcf8927\" data-element_type=\"section\" data-settings=\"{&quot;stretch_section&quot;:&quot;section-stretched&quot;}\">\n\t\t\t\t\t\t<div class=\"elementor-container elementor-column-gap-default\">\n\t\t\t\t\t<div class=\"elementor-column elementor-col-100 elementor-top-column elementor-element elementor-element-8ea4566\" data-id=\"8ea4566\" data-element_type=\"column\">\n\t\t\t<div class=\"elementor-widget-wrap elementor-element-populated\">\n\t\t\t\t\t\t<section class=\"elementor-section elementor-inner-section elementor-element elementor-element-a282f06 elementor-section-boxed elementor-section-height-default elementor-section-height-default\" data-id=\"a282f06\" data-element_type=\"section\">\n\t\t\t\t\t\t<div class=\"elementor-container elementor-column-gap-default\">\n\t\t\t\t\t<div class=\"elementor-column elementor-col-50 elementor-inner-column elementor-element elementor-element-1804388\" data-id=\"1804388\" data-element_type=\"column\">\n\t\t\t<div class=\"elementor-widget-wrap elementor-element-populated\">\n\t\t\t\t\t\t<div class=\"elementor-element elementor-element-2a419a8 elementor-widget elementor-widget-text-editor\" data-id=\"2a419a8\" data-element_type=\"widget\" data-widget_type=\"text-editor.default\">\n\t\t\t\t<div class=\"elementor-widget-container\">\n\t\t\t\t\t\t\t\t\t<p>Admirable Morocco Tours es una empresa especializada en viajes a Marruecos situada en el sureste de Marruecos y fundada por Yidir, un joven de familia bereber (amazigh) que vive en el famoso pueblecito de Merzouga, con vistas a las doradas dunas de arena de Erg Chebbi. Con varios a\u00f1os de experiencia en el sector tur\u00edstico, tiene una gran experiencia en viajes con el objetivo de compartirla con sus visitantes de todo el mundo. En Admirable Morocco tours, ofrecemos todos los paquetes de viajes que pueden comenzar y terminar donde quieras en Marruecos y viajes personalizados basados en las preferencias del cliente que se adapten a sus necesidades, intereses y presupuesto, incluyendo visitas guiadas a la ciudad con gu\u00edas locales, exclusivos tours de Marruecos con el transporte, hoteles &#8230; excursiones de un d\u00eda de Marrakech y Fez, Camel trekking y acampar durante la noche en el S\u00e1hara, 4&#215;4 tours de aventura y actividades en el desierto.<\/p>\n\t\t\t\t\t\t\t\t<\/div>\n\t\t\t\t<\/div>\n\t\t\t\t<div class=\"elementor-element elementor-element-fc3e327 elementor-widget elementor-widget-heading\" data-id=\"fc3e327\" data-element_type=\"widget\" data-widget_type=\"heading.default\">\n\t\t\t\t<div class=\"elementor-widget-container\">\n\t\t\t\t\t<h4 class=\"elementor-heading-title elementor-size-default\">CONDUCTORES Y GU\u00cdAS <\/h4>\t\t\t\t<\/div>\n\t\t\t\t<\/div>\n\t\t\t\t<div class=\"elementor-element elementor-element-6d2744d elementor-widget elementor-widget-text-editor\" data-id=\"6d2744d\" data-element_type=\"widget\" data-widget_type=\"text-editor.default\">\n\t\t\t\t<div class=\"elementor-widget-container\">\n\t\t\t\t\t\t\t\t\t<p>Nuestros conductores y gu\u00edas son nativos, amables, bien informados, han viajado por todo Marruecos y conocen todos los rincones del pa\u00eds como la palma de su mano. Durante su viaje en Marruecos con nosotros, estar\u00e1n encantados de recogerle en el aeropuerto, puerto, estaci\u00f3n de tren, o su alojamiento donde se aloja y cuidar de usted mientras viaja a sus destinos de elecci\u00f3n. Tratan a nuestros clientes como parte de nuestra familia mostr\u00e1ndoles el verdadero Marruecos y aprendiendo de nuestra cultura, tradici\u00f3n e historia.<\/p>\n\t\t\t\t\t\t\t\t<\/div>\n\t\t\t\t<\/div>\n\t\t\t\t<div class=\"elementor-element elementor-element-d9cff37 elementor-widget elementor-widget-heading\" data-id=\"d9cff37\" data-element_type=\"widget\" data-widget_type=\"heading.default\">\n\t\t\t\t<div class=\"elementor-widget-container\">\n\t\t\t\t\t<h4 class=\"elementor-heading-title elementor-size-default\">TRANSPORTE<\/h4>\t\t\t\t<\/div>\n\t\t\t\t<\/div>\n\t\t\t\t<div class=\"elementor-element elementor-element-cea12a7 elementor-widget elementor-widget-text-editor\" data-id=\"cea12a7\" data-element_type=\"widget\" data-widget_type=\"text-editor.default\">\n\t\t\t\t<div class=\"elementor-widget-container\">\n\t\t\t\t\t\t\t\t\t<p>Durante su viaje a Marruecos con nosotros, viajar\u00e1 en 4&#215;4 privado, minivan o minib\u00fas depende de lo grande que sea su grupo, todos nuestros transportes son modernos y est\u00e1n bien equipados con cinturones de seguridad, aire acondicionado&#8230; que le dar\u00e1n la oportunidad de viajar c\u00f3modamente mientras disfruta de hermosas vistas y visita todos los lugares de inter\u00e9s a lo largo del camino.<\/p>\n\t\t\t\t\t\t\t\t<\/div>\n\t\t\t\t<\/div>\n\t\t\t\t\t<\/div>\n\t\t<\/div>\n\t\t\t\t<div class=\"elementor-column elementor-col-50 elementor-inner-column elementor-element elementor-element-bd0d8e0\" data-id=\"bd0d8e0\" data-element_type=\"column\">\n\t\t\t<div class=\"elementor-widget-wrap elementor-element-populated\">\n\t\t\t\t\t\t<div class=\"elementor-element elementor-element-1d50897 elementor-widget elementor-widget-image\" data-id=\"1d50897\" data-element_type=\"widget\" data-widget_type=\"image.default\">\n\t\t\t\t<div class=\"elementor-widget-container\">\n\t\t\t\t\t\t\t\t\t\t\t\t\t\t\t<img fetchpriority=\"high\" decoding=\"async\" width=\"1024\" height=\"924\" src=\"https:\/\/admirablemoroccotours.com\/wp-content\/uploads\/2021\/02\/cropped-logo-1024x924.png\" class=\"attachment-large size-large wp-image-226\" alt=\"\" srcset=\"https:\/\/admirablemoroccotours.com\/wp-content\/uploads\/2021\/02\/cropped-logo-1024x924.png 1024w, https:\/\/admirablemoroccotours.com\/wp-content\/uploads\/2021\/02\/cropped-logo-300x271.png 300w, https:\/\/admirablemoroccotours.com\/wp-content\/uploads\/2021\/02\/cropped-logo-768x693.png 768w, https:\/\/admirablemoroccotours.com\/wp-content\/uploads\/2021\/02\/cropped-logo.png 1080w\" sizes=\"(max-width: 1024px) 100vw, 1024px\" \/>\t\t\t\t\t\t\t\t\t\t\t\t\t\t\t<\/div>\n\t\t\t\t<\/div>\n\t\t\t\t\t<\/div>\n\t\t<\/div>\n\t\t\t\t\t<\/div>\n\t\t<\/section>\n\t\t\t\t\t<\/div>\n\t\t<\/div>\n\t\t\t\t\t<\/div>\n\t\t<\/section>\n\t\t\t\t<section class=\"elementor-section elementor-top-section elementor-element elementor-element-ce6f87b elementor-section-stretched elementor-section-boxed elementor-section-height-default elementor-section-height-default\" data-id=\"ce6f87b\" data-element_type=\"section\" data-settings=\"{&quot;stretch_section&quot;:&quot;section-stretched&quot;}\">\n\t\t\t\t\t\t<div class=\"elementor-container elementor-column-gap-default\">\n\t\t\t\t\t<div class=\"elementor-column elementor-col-100 elementor-top-column elementor-element elementor-element-fc13851\" data-id=\"fc13851\" data-element_type=\"column\">\n\t\t\t<div class=\"elementor-widget-wrap elementor-element-populated\">\n\t\t\t\t\t\t<section class=\"elementor-section elementor-inner-section elementor-element elementor-element-7d052c3 elementor-section-boxed elementor-section-height-default elementor-section-height-default\" data-id=\"7d052c3\" data-element_type=\"section\">\n\t\t\t\t\t\t<div class=\"elementor-container elementor-column-gap-default\">\n\t\t\t\t\t<div class=\"elementor-column elementor-col-33 elementor-inner-column elementor-element elementor-element-4ee0488\" data-id=\"4ee0488\" data-element_type=\"column\">\n\t\t\t<div class=\"elementor-widget-wrap elementor-element-populated\">\n\t\t\t\t\t\t<div class=\"elementor-element elementor-element-5910c44 elementor-view-framed elementor-shape-circle elementor-position-top elementor-mobile-position-top elementor-invisible elementor-widget elementor-widget-icon-box\" data-id=\"5910c44\" data-element_type=\"widget\" data-settings=\"{&quot;_animation&quot;:&quot;zoomIn&quot;}\" data-widget_type=\"icon-box.default\">\n\t\t\t\t<div class=\"elementor-widget-container\">\n\t\t\t\t\t\t\t<div class=\"elementor-icon-box-wrapper\">\n\n\t\t\t\t\t\t<div class=\"elementor-icon-box-icon\">\n\t\t\t\t<span  class=\"elementor-icon\">\n\t\t\t\t<i aria-hidden=\"true\" class=\"fas fa-user-tie\"><\/i>\t\t\t\t<\/span>\n\t\t\t<\/div>\n\t\t\t\n\t\t\t\t\t\t<div class=\"elementor-icon-box-content\">\n\n\t\t\t\t\t\t\t\t\t<h3 class=\"elementor-icon-box-title\">\n\t\t\t\t\t\t<span  >\n\t\t\t\t\t\t\tGran Asistencia\t\t\t\t\t\t<\/span>\n\t\t\t\t\t<\/h3>\n\t\t\t\t\n\t\t\t\t\t\t\t\t\t<p class=\"elementor-icon-box-description\">\n\t\t\t\t\t\tNuestro equipo est\u00e1 siempre dispuesto a ayudarle a tomar las decisiones correctas, as\u00ed como a responder a sus preguntas y ofrecerle aclaraciones.\t\t\t\t\t<\/p>\n\t\t\t\t\n\t\t\t<\/div>\n\t\t\t\n\t\t<\/div>\n\t\t\t\t\t\t<\/div>\n\t\t\t\t<\/div>\n\t\t\t\t\t<\/div>\n\t\t<\/div>\n\t\t\t\t<div class=\"elementor-column elementor-col-33 elementor-inner-column elementor-element elementor-element-3102574\" data-id=\"3102574\" data-element_type=\"column\">\n\t\t\t<div class=\"elementor-widget-wrap elementor-element-populated\">\n\t\t\t\t\t\t<div class=\"elementor-element elementor-element-2d92188 elementor-view-framed elementor-shape-circle elementor-position-top elementor-mobile-position-top elementor-invisible elementor-widget elementor-widget-icon-box\" data-id=\"2d92188\" data-element_type=\"widget\" data-settings=\"{&quot;_animation&quot;:&quot;zoomIn&quot;}\" data-widget_type=\"icon-box.default\">\n\t\t\t\t<div class=\"elementor-widget-container\">\n\t\t\t\t\t\t\t<div class=\"elementor-icon-box-wrapper\">\n\n\t\t\t\t\t\t<div class=\"elementor-icon-box-icon\">\n\t\t\t\t<span  class=\"elementor-icon\">\n\t\t\t\t<i aria-hidden=\"true\" class=\"far fa-calendar-check\"><\/i>\t\t\t\t<\/span>\n\t\t\t<\/div>\n\t\t\t\n\t\t\t\t\t\t<div class=\"elementor-icon-box-content\">\n\n\t\t\t\t\t\t\t\t\t<h3 class=\"elementor-icon-box-title\">\n\t\t\t\t\t\t<span  >\n\t\t\t\t\t\t\tReserva F\u00e1cil\t\t\t\t\t\t<\/span>\n\t\t\t\t\t<\/h3>\n\t\t\t\t\n\t\t\t\t\t\t\t\t\t<p class=\"elementor-icon-box-description\">\n\t\t\t\t\t\tLe ofrecemos la posibilidad de reservar su viaje en l\u00ednea justo despu\u00e9s de seleccionar el paquete de viaje a Marruecos que mejor se adapte a sus necesidades.\t\t\t\t\t<\/p>\n\t\t\t\t\n\t\t\t<\/div>\n\t\t\t\n\t\t<\/div>\n\t\t\t\t\t\t<\/div>\n\t\t\t\t<\/div>\n\t\t\t\t\t<\/div>\n\t\t<\/div>\n\t\t\t\t<div class=\"elementor-column elementor-col-33 elementor-inner-column elementor-element elementor-element-8bfa3c4\" data-id=\"8bfa3c4\" data-element_type=\"column\">\n\t\t\t<div class=\"elementor-widget-wrap elementor-element-populated\">\n\t\t\t\t\t\t<div class=\"elementor-element elementor-element-f86512a elementor-view-framed elementor-shape-circle elementor-position-top elementor-mobile-position-top elementor-invisible elementor-widget elementor-widget-icon-box\" data-id=\"f86512a\" data-element_type=\"widget\" data-settings=\"{&quot;_animation&quot;:&quot;zoomIn&quot;}\" data-widget_type=\"icon-box.default\">\n\t\t\t\t<div class=\"elementor-widget-container\">\n\t\t\t\t\t\t\t<div class=\"elementor-icon-box-wrapper\">\n\n\t\t\t\t\t\t<div class=\"elementor-icon-box-icon\">\n\t\t\t\t<span  class=\"elementor-icon\">\n\t\t\t\t<i aria-hidden=\"true\" class=\"far fa-smile-beam\"><\/i>\t\t\t\t<\/span>\n\t\t\t<\/div>\n\t\t\t\n\t\t\t\t\t\t<div class=\"elementor-icon-box-content\">\n\n\t\t\t\t\t\t\t\t\t<h3 class=\"elementor-icon-box-title\">\n\t\t\t\t\t\t<span  >\n\t\t\t\t\t\t\tEquipo Amistoso\t\t\t\t\t\t<\/span>\n\t\t\t\t\t<\/h3>\n\t\t\t\t\n\t\t\t\t\t\t\t\t\t<p class=\"elementor-icon-box-description\">\n\t\t\t\t\t\tNuestro equipo est\u00e1 formado por miembros profesionales que garantizar\u00e1n su seguridad y disfrute durante su viaje por Marruecos.\t\t\t\t\t<\/p>\n\t\t\t\t\n\t\t\t<\/div>\n\t\t\t\n\t\t<\/div>\n\t\t\t\t\t\t<\/div>\n\t\t\t\t<\/div>\n\t\t\t\t\t<\/div>\n\t\t<\/div>\n\t\t\t\t\t<\/div>\n\t\t<\/section>\n\t\t\t\t\t<\/div>\n\t\t<\/div>\n\t\t\t\t\t<\/div>\n\t\t<\/section>\n\t\t\t\t<\/div>\n\t\t","protected":false},"excerpt":{"rendered":"<p>Sobre Nosotros Admirable Morocco Tours es una empresa especializada en viajes a Marruecos situada en el sureste de Marruecos y fundada por Yidir, un joven de familia bereber (amazigh) que vive en el famoso pueblecito de Merzouga, con vistas a las doradas dunas de arena de Erg Chebbi. Con varios a\u00f1os de experiencia en el&#8230;<\/p>\n","protected":false},"author":1,"featured_media":0,"parent":0,"menu_order":0,"comment_status":"closed","ping_status":"closed","template":"elementor_header_footer","meta":{"_kad_post_transparent":"","_kad_post_title":"","_kad_post_layout":"","_kad_post_sidebar_id":"","_kad_post_content_style":"","_kad_post_vertical_padding":"","_kad_post_feature":"","_kad_post_feature_position":"","_kad_post_header":false,"_kad_post_footer":false,"_kad_post_classname":"","footnotes":""},"class_list":["post-1052","page","type-page","status-publish","hentry"],"yoast_head":"<!-- This site is optimized with the Yoast SEO plugin v26.5 - https:\/\/yoast.com\/wordpress\/plugins\/seo\/ -->\n<title>Sobre Nosotros - Admirable Morocco Tours<\/title>\n<meta name=\"description\" content=\"Admirable Morocco Tours es un operador tur\u00edstico especializado en ofrecer viajes, circuitos y excursiones para explorar el hermoso Marruecos.\" \/>\n<meta name=\"robots\" content=\"index, follow, max-snippet:-1, max-image-preview:large, max-video-preview:-1\" \/>\n<link rel=\"canonical\" href=\"https:\/\/admirablemoroccotours.com\/es\/sobre-nosotros\/\" \/>\n<meta property=\"og:locale\" content=\"es_ES\" \/>\n<meta property=\"og:type\" content=\"article\" \/>\n<meta property=\"og:title\" content=\"Sobre Nosotros - Admirable Morocco Tours\" \/>\n<meta property=\"og:description\" content=\"Admirable Morocco Tours es un operador tur\u00edstico especializado en ofrecer viajes, circuitos y excursiones para explorar el hermoso Marruecos.\" \/>\n<meta property=\"og:url\" content=\"https:\/\/admirablemoroccotours.com\/es\/sobre-nosotros\/\" \/>\n<meta property=\"og:site_name\" content=\"Admirable Morocco Tours\" \/>\n<meta property=\"article:modified_time\" content=\"2023-02-10T15:41:49+00:00\" \/>\n<meta property=\"og:image\" content=\"https:\/\/admirablemoroccotours.com\/wp-content\/uploads\/2021\/02\/cropped-logo-1024x924.png\" \/>\n<meta name=\"twitter:card\" content=\"summary_large_image\" \/>\n<meta name=\"twitter:label1\" content=\"Tiempo de lectura\" \/>\n\t<meta name=\"twitter:data1\" content=\"2 minutos\" \/>\n<script type=\"application\/ld+json\" class=\"yoast-schema-graph\">{\"@context\":\"https:\/\/schema.org\",\"@graph\":[{\"@type\":\"WebPage\",\"@id\":\"https:\/\/admirablemoroccotours.com\/es\/sobre-nosotros\/\",\"url\":\"https:\/\/admirablemoroccotours.com\/es\/sobre-nosotros\/\",\"name\":\"Sobre Nosotros - Admirable Morocco Tours\",\"isPartOf\":{\"@id\":\"https:\/\/admirablemoroccotours.com\/es\/#website\"},\"primaryImageOfPage\":{\"@id\":\"https:\/\/admirablemoroccotours.com\/es\/sobre-nosotros\/#primaryimage\"},\"image\":{\"@id\":\"https:\/\/admirablemoroccotours.com\/es\/sobre-nosotros\/#primaryimage\"},\"thumbnailUrl\":\"https:\/\/admirablemoroccotours.com\/wp-content\/uploads\/2021\/02\/cropped-logo-1024x924.png\",\"datePublished\":\"2021-01-20T08:45:14+00:00\",\"dateModified\":\"2023-02-10T15:41:49+00:00\",\"description\":\"Admirable Morocco Tours es un operador tur\u00edstico especializado en ofrecer viajes, circuitos y excursiones para explorar el hermoso Marruecos.\",\"breadcrumb\":{\"@id\":\"https:\/\/admirablemoroccotours.com\/es\/sobre-nosotros\/#breadcrumb\"},\"inLanguage\":\"es\",\"potentialAction\":[{\"@type\":\"ReadAction\",\"target\":[\"https:\/\/admirablemoroccotours.com\/es\/sobre-nosotros\/\"]}]},{\"@type\":\"ImageObject\",\"inLanguage\":\"es\",\"@id\":\"https:\/\/admirablemoroccotours.com\/es\/sobre-nosotros\/#primaryimage\",\"url\":\"https:\/\/admirablemoroccotours.com\/wp-content\/uploads\/2021\/02\/cropped-logo-1024x924.png\",\"contentUrl\":\"https:\/\/admirablemoroccotours.com\/wp-content\/uploads\/2021\/02\/cropped-logo-1024x924.png\"},{\"@type\":\"BreadcrumbList\",\"@id\":\"https:\/\/admirablemoroccotours.com\/es\/sobre-nosotros\/#breadcrumb\",\"itemListElement\":[{\"@type\":\"ListItem\",\"position\":1,\"name\":\"Home\",\"item\":\"https:\/\/admirablemoroccotours.com\/es\/\"},{\"@type\":\"ListItem\",\"position\":2,\"name\":\"Sobre Nosotros\"}]},{\"@type\":\"WebSite\",\"@id\":\"https:\/\/admirablemoroccotours.com\/es\/#website\",\"url\":\"https:\/\/admirablemoroccotours.com\/es\/\",\"name\":\"Admirable Morocco Tours\",\"description\":\"\",\"publisher\":{\"@id\":\"https:\/\/admirablemoroccotours.com\/es\/#organization\"},\"potentialAction\":[{\"@type\":\"SearchAction\",\"target\":{\"@type\":\"EntryPoint\",\"urlTemplate\":\"https:\/\/admirablemoroccotours.com\/es\/?s={search_term_string}\"},\"query-input\":{\"@type\":\"PropertyValueSpecification\",\"valueRequired\":true,\"valueName\":\"search_term_string\"}}],\"inLanguage\":\"es\"},{\"@type\":\"Organization\",\"@id\":\"https:\/\/admirablemoroccotours.com\/es\/#organization\",\"name\":\"Admirable Morocco Tours\",\"url\":\"https:\/\/admirablemoroccotours.com\/es\/\",\"logo\":{\"@type\":\"ImageObject\",\"inLanguage\":\"es\",\"@id\":\"https:\/\/admirablemoroccotours.com\/es\/#\/schema\/logo\/image\/\",\"url\":\"https:\/\/admirablemoroccotours.com\/wp-content\/uploads\/2021\/02\/cropped-cropped-logo.png\",\"contentUrl\":\"https:\/\/admirablemoroccotours.com\/wp-content\/uploads\/2021\/02\/cropped-cropped-logo.png\",\"width\":1078,\"height\":975,\"caption\":\"Admirable Morocco Tours\"},\"image\":{\"@id\":\"https:\/\/admirablemoroccotours.com\/es\/#\/schema\/logo\/image\/\"}}]}<\/script>\n<!-- \/ Yoast SEO plugin. -->","yoast_head_json":{"title":"Sobre Nosotros - Admirable Morocco Tours","description":"Admirable Morocco Tours es un operador tur\u00edstico especializado en ofrecer viajes, circuitos y excursiones para explorar el hermoso Marruecos.","robots":{"index":"index","follow":"follow","max-snippet":"max-snippet:-1","max-image-preview":"max-image-preview:large","max-video-preview":"max-video-preview:-1"},"canonical":"https:\/\/admirablemoroccotours.com\/es\/sobre-nosotros\/","og_locale":"es_ES","og_type":"article","og_title":"Sobre Nosotros - Admirable Morocco Tours","og_description":"Admirable Morocco Tours es un operador tur\u00edstico especializado en ofrecer viajes, circuitos y excursiones para explorar el hermoso Marruecos.","og_url":"https:\/\/admirablemoroccotours.com\/es\/sobre-nosotros\/","og_site_name":"Admirable Morocco Tours","article_modified_time":"2023-02-10T15:41:49+00:00","og_image":[{"url":"https:\/\/admirablemoroccotours.com\/wp-content\/uploads\/2021\/02\/cropped-logo-1024x924.png","type":"","width":"","height":""}],"twitter_card":"summary_large_image","twitter_misc":{"Tiempo de lectura":"2 minutos"},"schema":{"@context":"https:\/\/schema.org","@graph":[{"@type":"WebPage","@id":"https:\/\/admirablemoroccotours.com\/es\/sobre-nosotros\/","url":"https:\/\/admirablemoroccotours.com\/es\/sobre-nosotros\/","name":"Sobre Nosotros - Admirable Morocco Tours","isPartOf":{"@id":"https:\/\/admirablemoroccotours.com\/es\/#website"},"primaryImageOfPage":{"@id":"https:\/\/admirablemoroccotours.com\/es\/sobre-nosotros\/#primaryimage"},"image":{"@id":"https:\/\/admirablemoroccotours.com\/es\/sobre-nosotros\/#primaryimage"},"thumbnailUrl":"https:\/\/admirablemoroccotours.com\/wp-content\/uploads\/2021\/02\/cropped-logo-1024x924.png","datePublished":"2021-01-20T08:45:14+00:00","dateModified":"2023-02-10T15:41:49+00:00","description":"Admirable Morocco Tours es un operador tur\u00edstico especializado en ofrecer viajes, circuitos y excursiones para explorar el hermoso Marruecos.","breadcrumb":{"@id":"https:\/\/admirablemoroccotours.com\/es\/sobre-nosotros\/#breadcrumb"},"inLanguage":"es","potentialAction":[{"@type":"ReadAction","target":["https:\/\/admirablemoroccotours.com\/es\/sobre-nosotros\/"]}]},{"@type":"ImageObject","inLanguage":"es","@id":"https:\/\/admirablemoroccotours.com\/es\/sobre-nosotros\/#primaryimage","url":"https:\/\/admirablemoroccotours.com\/wp-content\/uploads\/2021\/02\/cropped-logo-1024x924.png","contentUrl":"https:\/\/admirablemoroccotours.com\/wp-content\/uploads\/2021\/02\/cropped-logo-1024x924.png"},{"@type":"BreadcrumbList","@id":"https:\/\/admirablemoroccotours.com\/es\/sobre-nosotros\/#breadcrumb","itemListElement":[{"@type":"ListItem","position":1,"name":"Home","item":"https:\/\/admirablemoroccotours.com\/es\/"},{"@type":"ListItem","position":2,"name":"Sobre Nosotros"}]},{"@type":"WebSite","@id":"https:\/\/admirablemoroccotours.com\/es\/#website","url":"https:\/\/admirablemoroccotours.com\/es\/","name":"Admirable Morocco Tours","description":"","publisher":{"@id":"https:\/\/admirablemoroccotours.com\/es\/#organization"},"potentialAction":[{"@type":"SearchAction","target":{"@type":"EntryPoint","urlTemplate":"https:\/\/admirablemoroccotours.com\/es\/?s={search_term_string}"},"query-input":{"@type":"PropertyValueSpecification","valueRequired":true,"valueName":"search_term_string"}}],"inLanguage":"es"},{"@type":"Organization","@id":"https:\/\/admirablemoroccotours.com\/es\/#organization","name":"Admirable Morocco Tours","url":"https:\/\/admirablemoroccotours.com\/es\/","logo":{"@type":"ImageObject","inLanguage":"es","@id":"https:\/\/admirablemoroccotours.com\/es\/#\/schema\/logo\/image\/","url":"https:\/\/admirablemoroccotours.com\/wp-content\/uploads\/2021\/02\/cropped-cropped-logo.png","contentUrl":"https:\/\/admirablemoroccotours.com\/wp-content\/uploads\/2021\/02\/cropped-cropped-logo.png","width":1078,"height":975,"caption":"Admirable Morocco Tours"},"image":{"@id":"https:\/\/admirablemoroccotours.com\/es\/#\/schema\/logo\/image\/"}}]}},"_links":{"self":[{"href":"https:\/\/admirablemoroccotours.com\/es\/wp-json\/wp\/v2\/pages\/1052","targetHints":{"allow":["GET"]}}],"collection":[{"href":"https:\/\/admirablemoroccotours.com\/es\/wp-json\/wp\/v2\/pages"}],"about":[{"href":"https:\/\/admirablemoroccotours.com\/es\/wp-json\/wp\/v2\/types\/page"}],"author":[{"embeddable":true,"href":"https:\/\/admirablemoroccotours.com\/es\/wp-json\/wp\/v2\/users\/1"}],"replies":[{"embeddable":true,"href":"https:\/\/admirablemoroccotours.com\/es\/wp-json\/wp\/v2\/comments?post=1052"}],"version-history":[{"count":1,"href":"https:\/\/admirablemoroccotours.com\/es\/wp-json\/wp\/v2\/pages\/1052\/revisions"}],"predecessor-version":[{"id":1053,"href":"https:\/\/admirablemoroccotours.com\/es\/wp-json\/wp\/v2\/pages\/1052\/revisions\/1053"}],"wp:attachment":[{"href":"https:\/\/admirablemoroccotours.com\/es\/wp-json\/wp\/v2\/media?parent=1052"}],"curies":[{"name":"wp","href":"https:\/\/api.w.org\/{rel}","templated":true}]}}