{"id":1058,"date":"2021-01-20T10:50:13","date_gmt":"2021-01-20T10:50:13","guid":{"rendered":"https:\/\/admirablemoroccotours.com\/excursiones-de-un-dia-desde-marrakech\/"},"modified":"2023-02-10T16:00:28","modified_gmt":"2023-02-10T16:00:28","slug":"excursiones-de-un-dia-desde-marrakech","status":"publish","type":"page","link":"https:\/\/admirablemoroccotours.com\/es\/excursiones-de-un-dia-desde-marrakech\/","title":{"rendered":"Excursiones de un dia desde Marrakech"},"content":{"rendered":"\t\t<div data-elementor-type=\"wp-post\" data-elementor-id=\"1058\" class=\"elementor elementor-1058 elementor-32\" data-elementor-post-type=\"page\">\n\t\t\t\t\t\t<section class=\"elementor-section elementor-top-section elementor-element elementor-element-1a73ce54 elementor-section-stretched elementor-section-boxed elementor-section-height-default elementor-section-height-default\" data-id=\"1a73ce54\" data-element_type=\"section\" data-settings=\"{&quot;stretch_section&quot;:&quot;section-stretched&quot;,&quot;background_background&quot;:&quot;classic&quot;}\">\n\t\t\t\t\t\t<div class=\"elementor-container elementor-column-gap-default\">\n\t\t\t\t\t<div class=\"elementor-column elementor-col-100 elementor-top-column elementor-element elementor-element-437e140a\" data-id=\"437e140a\" data-element_type=\"column\">\n\t\t\t<div class=\"elementor-widget-wrap elementor-element-populated\">\n\t\t\t\t\t\t<div class=\"elementor-element elementor-element-1f315acf elementor-widget elementor-widget-heading\" data-id=\"1f315acf\" data-element_type=\"widget\" data-widget_type=\"heading.default\">\n\t\t\t\t<div class=\"elementor-widget-container\">\n\t\t\t\t\t<h1 class=\"elementor-heading-title elementor-size-default\">Excursiones de un d\u00eda desde Marrakech<\/h1>\t\t\t\t<\/div>\n\t\t\t\t<\/div>\n\t\t\t\t\t<\/div>\n\t\t<\/div>\n\t\t\t\t\t<\/div>\n\t\t<\/section>\n\t\t\t\t<section class=\"elementor-section elementor-top-section elementor-element elementor-element-410daf57 elementor-section-boxed elementor-section-height-default elementor-section-height-default\" data-id=\"410daf57\" data-element_type=\"section\">\n\t\t\t\t\t\t<div class=\"elementor-container elementor-column-gap-default\">\n\t\t\t\t\t<div class=\"elementor-column elementor-col-33 elementor-top-column elementor-element elementor-element-1100b3bc\" data-id=\"1100b3bc\" data-element_type=\"column\">\n\t\t\t<div class=\"elementor-widget-wrap elementor-element-populated\">\n\t\t\t\t\t\t<div class=\"elementor-element elementor-element-6e1037cd elementor-widget elementor-widget-image\" data-id=\"6e1037cd\" data-element_type=\"widget\" data-widget_type=\"image.default\">\n\t\t\t\t<div class=\"elementor-widget-container\">\n\t\t\t\t\t\t\t\t\t\t\t\t\t\t\t<img decoding=\"async\" src=\"https:\/\/admirablemoroccotours.com\/wp-content\/uploads\/2023\/02\/ait-ben-haddou-kasbah.jpg\" title=\"\" alt=\"ait ben haddou kasbah\" loading=\"lazy\" \/>\t\t\t\t\t\t\t\t\t\t\t\t\t\t\t<\/div>\n\t\t\t\t<\/div>\n\t\t\t\t<section class=\"elementor-section elementor-inner-section elementor-element elementor-element-72d17559 elementor-section-boxed elementor-section-height-default elementor-section-height-default\" data-id=\"72d17559\" data-element_type=\"section\" data-settings=\"{&quot;background_background&quot;:&quot;classic&quot;}\">\n\t\t\t\t\t\t<div class=\"elementor-container elementor-column-gap-default\">\n\t\t\t\t\t<div class=\"elementor-column elementor-col-100 elementor-inner-column elementor-element elementor-element-2cd12f1e\" data-id=\"2cd12f1e\" data-element_type=\"column\">\n\t\t\t<div class=\"elementor-widget-wrap elementor-element-populated\">\n\t\t\t\t\t\t<div class=\"elementor-element elementor-element-45fb995e elementor-widget elementor-widget-heading\" data-id=\"45fb995e\" data-element_type=\"widget\" data-widget_type=\"heading.default\">\n\t\t\t\t<div class=\"elementor-widget-container\">\n\t\t\t\t\t<h4 class=\"elementor-heading-title elementor-size-default\">Excursi\u00f3n de un d\u00eda a Ait Ben Haddou<\/h4>\t\t\t\t<\/div>\n\t\t\t\t<\/div>\n\t\t\t\t<div class=\"elementor-element elementor-element-6bb765cf elementor-widget elementor-widget-text-editor\" data-id=\"6bb765cf\" data-element_type=\"widget\" data-widget_type=\"text-editor.default\">\n\t\t\t\t<div class=\"elementor-widget-container\">\n\t\t\t\t\t\t\t\t\t<p>Realice una excursi\u00f3n de d\u00eda completo para visitar la antigua e hist\u00f3rica kasbah de Ait Ben Haddou.<\/p>\n\t\t\t\t\t\t\t\t<\/div>\n\t\t\t\t<\/div>\n\t\t\t\t\t<\/div>\n\t\t<\/div>\n\t\t\t\t\t<\/div>\n\t\t<\/section>\n\t\t\t\t<div class=\"elementor-element elementor-element-b53afd2 elementor-button-info elementor-align-justify elementor-widget elementor-widget-button\" data-id=\"b53afd2\" data-element_type=\"widget\" data-widget_type=\"button.default\">\n\t\t\t\t<div class=\"elementor-widget-container\">\n\t\t\t\t\t\t\t\t\t<div class=\"elementor-button-wrapper\">\n\t\t\t\t\t<a class=\"elementor-button elementor-button-link elementor-size-sm\" href=\"https:\/\/admirablemoroccotours.com\/full-day-excursion-to-ait-ben-haddou\/\">\n\t\t\t\t\t\t<span class=\"elementor-button-content-wrapper\">\n\t\t\t\t\t\t\t\t\t<span class=\"elementor-button-text\">Consultar Itinerario<\/span>\n\t\t\t\t\t<\/span>\n\t\t\t\t\t<\/a>\n\t\t\t\t<\/div>\n\t\t\t\t\t\t\t\t<\/div>\n\t\t\t\t<\/div>\n\t\t\t\t\t<\/div>\n\t\t<\/div>\n\t\t\t\t<div class=\"elementor-column elementor-col-33 elementor-top-column elementor-element elementor-element-38709dd1\" data-id=\"38709dd1\" data-element_type=\"column\">\n\t\t\t<div class=\"elementor-widget-wrap elementor-element-populated\">\n\t\t\t\t\t\t<div class=\"elementor-element elementor-element-2254781e elementor-widget elementor-widget-image\" data-id=\"2254781e\" data-element_type=\"widget\" data-widget_type=\"image.default\">\n\t\t\t\t<div class=\"elementor-widget-container\">\n\t\t\t\t\t\t\t\t\t\t\t\t\t\t\t<img decoding=\"async\" src=\"https:\/\/admirablemoroccotours.com\/wp-content\/uploads\/2023\/02\/Essaouira-city.jpg\" title=\"\" alt=\"Essaouira city\" loading=\"lazy\" \/>\t\t\t\t\t\t\t\t\t\t\t\t\t\t\t<\/div>\n\t\t\t\t<\/div>\n\t\t\t\t<section class=\"elementor-section elementor-inner-section elementor-element elementor-element-c962c7d elementor-section-boxed elementor-section-height-default elementor-section-height-default\" data-id=\"c962c7d\" data-element_type=\"section\" data-settings=\"{&quot;background_background&quot;:&quot;classic&quot;}\">\n\t\t\t\t\t\t<div class=\"elementor-container elementor-column-gap-default\">\n\t\t\t\t\t<div class=\"elementor-column elementor-col-100 elementor-inner-column elementor-element elementor-element-7ffadcfc\" data-id=\"7ffadcfc\" data-element_type=\"column\">\n\t\t\t<div class=\"elementor-widget-wrap elementor-element-populated\">\n\t\t\t\t\t\t<div class=\"elementor-element elementor-element-44d1c94b elementor-widget elementor-widget-heading\" data-id=\"44d1c94b\" data-element_type=\"widget\" data-widget_type=\"heading.default\">\n\t\t\t\t<div class=\"elementor-widget-container\">\n\t\t\t\t\t<h4 class=\"elementor-heading-title elementor-size-default\"><a href=\"#\">Excursi\u00f3n de un d\u00eda a Essaouira<\/a><\/h4>\t\t\t\t<\/div>\n\t\t\t\t<\/div>\n\t\t\t\t<div class=\"elementor-element elementor-element-c6a9fc elementor-widget elementor-widget-text-editor\" data-id=\"c6a9fc\" data-element_type=\"widget\" data-widget_type=\"text-editor.default\">\n\t\t\t\t<div class=\"elementor-widget-container\">\n\t\t\t\t\t\t\t\t\t<p>Explore la ciudad costera y su antigua medina en una excursi\u00f3n de d\u00eda completo.<\/p>\n\t\t\t\t\t\t\t\t<\/div>\n\t\t\t\t<\/div>\n\t\t\t\t\t<\/div>\n\t\t<\/div>\n\t\t\t\t\t<\/div>\n\t\t<\/section>\n\t\t\t\t<div class=\"elementor-element elementor-element-72305211 elementor-button-info elementor-align-justify elementor-widget elementor-widget-button\" data-id=\"72305211\" data-element_type=\"widget\" data-widget_type=\"button.default\">\n\t\t\t\t<div class=\"elementor-widget-container\">\n\t\t\t\t\t\t\t\t\t<div class=\"elementor-button-wrapper\">\n\t\t\t\t\t<a class=\"elementor-button elementor-button-link elementor-size-sm\" href=\"https:\/\/admirablemoroccotours.com\/full-day-excursion-to-essaouira-city\/\">\n\t\t\t\t\t\t<span class=\"elementor-button-content-wrapper\">\n\t\t\t\t\t\t\t\t\t<span class=\"elementor-button-text\">Consultar Itinerario<\/span>\n\t\t\t\t\t<\/span>\n\t\t\t\t\t<\/a>\n\t\t\t\t<\/div>\n\t\t\t\t\t\t\t\t<\/div>\n\t\t\t\t<\/div>\n\t\t\t\t\t<\/div>\n\t\t<\/div>\n\t\t\t\t<div class=\"elementor-column elementor-col-33 elementor-top-column elementor-element elementor-element-72cdedf3\" data-id=\"72cdedf3\" data-element_type=\"column\">\n\t\t\t<div class=\"elementor-widget-wrap elementor-element-populated\">\n\t\t\t\t\t\t<div class=\"elementor-element elementor-element-5701e9c elementor-widget elementor-widget-image\" data-id=\"5701e9c\" data-element_type=\"widget\" data-widget_type=\"image.default\">\n\t\t\t\t<div class=\"elementor-widget-container\">\n\t\t\t\t\t\t\t\t\t\t\t\t\t\t\t<img decoding=\"async\" src=\"https:\/\/admirablemoroccotours.com\/wp-content\/uploads\/2021\/02\/ourika-valley-3.jpg\" title=\"\" alt=\"\" loading=\"lazy\" \/>\t\t\t\t\t\t\t\t\t\t\t\t\t\t\t<\/div>\n\t\t\t\t<\/div>\n\t\t\t\t<section class=\"elementor-section elementor-inner-section elementor-element elementor-element-ce4f98 elementor-section-boxed elementor-section-height-default elementor-section-height-default\" data-id=\"ce4f98\" data-element_type=\"section\" data-settings=\"{&quot;background_background&quot;:&quot;classic&quot;}\">\n\t\t\t\t\t\t<div class=\"elementor-container elementor-column-gap-default\">\n\t\t\t\t\t<div class=\"elementor-column elementor-col-100 elementor-inner-column elementor-element elementor-element-1c3bdf76\" data-id=\"1c3bdf76\" data-element_type=\"column\">\n\t\t\t<div class=\"elementor-widget-wrap elementor-element-populated\">\n\t\t\t\t\t\t<div class=\"elementor-element elementor-element-a77402 elementor-widget elementor-widget-heading\" data-id=\"a77402\" data-element_type=\"widget\" data-widget_type=\"heading.default\">\n\t\t\t\t<div class=\"elementor-widget-container\">\n\t\t\t\t\t<h4 class=\"elementor-heading-title elementor-size-default\"><a href=\"#\">Excursi\u00f3n de un d\u00eda al valle de Ourika<\/a><\/h4>\t\t\t\t<\/div>\n\t\t\t\t<\/div>\n\t\t\t\t<div class=\"elementor-element elementor-element-7ef76565 elementor-widget elementor-widget-text-editor\" data-id=\"7ef76565\" data-element_type=\"widget\" data-widget_type=\"text-editor.default\">\n\t\t\t\t<div class=\"elementor-widget-container\">\n\t\t\t\t\t\t\t\t\t<p>Una excursi\u00f3n de un d\u00eda desde Marrakech para pasar un rato inolvidable en el valle de Ourika.<\/p>\n\t\t\t\t\t\t\t\t<\/div>\n\t\t\t\t<\/div>\n\t\t\t\t\t<\/div>\n\t\t<\/div>\n\t\t\t\t\t<\/div>\n\t\t<\/section>\n\t\t\t\t<div class=\"elementor-element elementor-element-3ef2c2fb elementor-button-info elementor-align-justify elementor-widget elementor-widget-button\" data-id=\"3ef2c2fb\" data-element_type=\"widget\" data-widget_type=\"button.default\">\n\t\t\t\t<div class=\"elementor-widget-container\">\n\t\t\t\t\t\t\t\t\t<div class=\"elementor-button-wrapper\">\n\t\t\t\t\t<a class=\"elementor-button elementor-button-link elementor-size-sm\" href=\"https:\/\/admirablemoroccotours.com\/full-day-excursion-to-ourika-valley\/\">\n\t\t\t\t\t\t<span class=\"elementor-button-content-wrapper\">\n\t\t\t\t\t\t\t\t\t<span class=\"elementor-button-text\">Consultar Itinerario<\/span>\n\t\t\t\t\t<\/span>\n\t\t\t\t\t<\/a>\n\t\t\t\t<\/div>\n\t\t\t\t\t\t\t\t<\/div>\n\t\t\t\t<\/div>\n\t\t\t\t\t<\/div>\n\t\t<\/div>\n\t\t\t\t\t<\/div>\n\t\t<\/section>\n\t\t\t\t<section class=\"elementor-section elementor-top-section elementor-element elementor-element-7bfb9e3a elementor-section-boxed elementor-section-height-default elementor-section-height-default\" data-id=\"7bfb9e3a\" data-element_type=\"section\">\n\t\t\t\t\t\t<div class=\"elementor-container elementor-column-gap-default\">\n\t\t\t\t\t<div class=\"elementor-column elementor-col-33 elementor-top-column elementor-element elementor-element-7bcd6c18\" data-id=\"7bcd6c18\" data-element_type=\"column\">\n\t\t\t<div class=\"elementor-widget-wrap elementor-element-populated\">\n\t\t\t\t\t\t<div class=\"elementor-element elementor-element-3f597d84 elementor-widget elementor-widget-image\" data-id=\"3f597d84\" data-element_type=\"widget\" data-widget_type=\"image.default\">\n\t\t\t\t<div class=\"elementor-widget-container\">\n\t\t\t\t\t\t\t\t\t\t\t\t\t\t\t<img decoding=\"async\" src=\"https:\/\/mozsteps.com\/admirable-morocco-tours\/wp-content\/uploads\/2021\/01\/excursion-ouzoud.jpg\" title=\"\" alt=\"\" loading=\"lazy\" \/>\t\t\t\t\t\t\t\t\t\t\t\t\t\t\t<\/div>\n\t\t\t\t<\/div>\n\t\t\t\t<section class=\"elementor-section elementor-inner-section elementor-element elementor-element-3b8d0e38 elementor-section-boxed elementor-section-height-default elementor-section-height-default\" data-id=\"3b8d0e38\" data-element_type=\"section\" data-settings=\"{&quot;background_background&quot;:&quot;classic&quot;}\">\n\t\t\t\t\t\t<div class=\"elementor-container elementor-column-gap-default\">\n\t\t\t\t\t<div class=\"elementor-column elementor-col-100 elementor-inner-column elementor-element elementor-element-3b971db7\" data-id=\"3b971db7\" data-element_type=\"column\">\n\t\t\t<div class=\"elementor-widget-wrap elementor-element-populated\">\n\t\t\t\t\t\t<div class=\"elementor-element elementor-element-2abfd4c1 elementor-widget elementor-widget-heading\" data-id=\"2abfd4c1\" data-element_type=\"widget\" data-widget_type=\"heading.default\">\n\t\t\t\t<div class=\"elementor-widget-container\">\n\t\t\t\t\t<h4 class=\"elementor-heading-title elementor-size-default\">Excursi\u00f3n de un d\u00eda a las cascadas de Ouzoud<\/h4>\t\t\t\t<\/div>\n\t\t\t\t<\/div>\n\t\t\t\t<div class=\"elementor-element elementor-element-4633993d elementor-widget elementor-widget-text-editor\" data-id=\"4633993d\" data-element_type=\"widget\" data-widget_type=\"text-editor.default\">\n\t\t\t\t<div class=\"elementor-widget-container\">\n\t\t\t\t\t\t\t\t\t<p>Explore la asombrosa naturaleza de las cataratas de Ouzoud en una excursi\u00f3n de d\u00eda completo.<\/p>\n\t\t\t\t\t\t\t\t<\/div>\n\t\t\t\t<\/div>\n\t\t\t\t\t<\/div>\n\t\t<\/div>\n\t\t\t\t\t<\/div>\n\t\t<\/section>\n\t\t\t\t<div class=\"elementor-element elementor-element-6ff0a713 elementor-button-info elementor-align-justify elementor-widget elementor-widget-button\" data-id=\"6ff0a713\" data-element_type=\"widget\" data-widget_type=\"button.default\">\n\t\t\t\t<div class=\"elementor-widget-container\">\n\t\t\t\t\t\t\t\t\t<div class=\"elementor-button-wrapper\">\n\t\t\t\t\t<a class=\"elementor-button elementor-button-link elementor-size-sm\" href=\"https:\/\/admirablemoroccotours.com\/full-day-excursion-to-ouzoud-waterfalls\/\">\n\t\t\t\t\t\t<span class=\"elementor-button-content-wrapper\">\n\t\t\t\t\t\t\t\t\t<span class=\"elementor-button-text\">Consultar Itinerario<\/span>\n\t\t\t\t\t<\/span>\n\t\t\t\t\t<\/a>\n\t\t\t\t<\/div>\n\t\t\t\t\t\t\t\t<\/div>\n\t\t\t\t<\/div>\n\t\t\t\t\t<\/div>\n\t\t<\/div>\n\t\t\t\t<div class=\"elementor-column elementor-col-33 elementor-top-column elementor-element elementor-element-da7541d\" data-id=\"da7541d\" data-element_type=\"column\">\n\t\t\t<div class=\"elementor-widget-wrap\">\n\t\t\t\t\t\t\t<\/div>\n\t\t<\/div>\n\t\t\t\t<div class=\"elementor-column elementor-col-33 elementor-top-column elementor-element elementor-element-75b9054\" data-id=\"75b9054\" data-element_type=\"column\">\n\t\t\t<div class=\"elementor-widget-wrap\">\n\t\t\t\t\t\t\t<\/div>\n\t\t<\/div>\n\t\t\t\t\t<\/div>\n\t\t<\/section>\n\t\t\t\t<\/div>\n\t\t","protected":false},"excerpt":{"rendered":"<p>Excursiones de un d\u00eda desde Marrakech Excursi\u00f3n de un d\u00eda a Ait Ben Haddou Realice una excursi\u00f3n de d\u00eda completo para visitar la antigua e hist\u00f3rica kasbah de Ait Ben Haddou. Consultar Itinerario Excursi\u00f3n de un d\u00eda a Essaouira Explore la ciudad costera y su antigua medina en una excursi\u00f3n de d\u00eda completo. Consultar Itinerario&#8230;<\/p>\n","protected":false},"author":1,"featured_media":0,"parent":0,"menu_order":0,"comment_status":"closed","ping_status":"closed","template":"elementor_header_footer","meta":{"_kad_post_transparent":"","_kad_post_title":"","_kad_post_layout":"","_kad_post_sidebar_id":"","_kad_post_content_style":"","_kad_post_vertical_padding":"","_kad_post_feature":"","_kad_post_feature_position":"","_kad_post_header":false,"_kad_post_footer":false,"_kad_post_classname":"","footnotes":""},"class_list":["post-1058","page","type-page","status-publish","hentry"],"yoast_head":"<!-- This site is optimized with the Yoast SEO plugin v26.5 - https:\/\/yoast.com\/wordpress\/plugins\/seo\/ -->\n<title>Excursiones de un dia desde Marrakech - Admirable Morocco Tours<\/title>\n<meta name=\"description\" content=\"En Admirable Morocco Tours ofrecemos varias opciones de excursiones de un d\u00eda desde Marrakech para visitar diferentes lugares bien conocidos en Marruecos.\" \/>\n<meta name=\"robots\" content=\"index, follow, max-snippet:-1, max-image-preview:large, max-video-preview:-1\" \/>\n<link rel=\"canonical\" href=\"https:\/\/admirablemoroccotours.com\/es\/excursiones-de-un-dia-desde-marrakech\/\" \/>\n<meta property=\"og:locale\" content=\"es_ES\" \/>\n<meta property=\"og:type\" content=\"article\" \/>\n<meta property=\"og:title\" content=\"Excursiones de un dia desde Marrakech - Admirable Morocco Tours\" \/>\n<meta property=\"og:description\" content=\"En Admirable Morocco Tours ofrecemos varias opciones de excursiones de un d\u00eda desde Marrakech para visitar diferentes lugares bien conocidos en Marruecos.\" \/>\n<meta property=\"og:url\" content=\"https:\/\/admirablemoroccotours.com\/es\/excursiones-de-un-dia-desde-marrakech\/\" \/>\n<meta property=\"og:site_name\" content=\"Admirable Morocco Tours\" \/>\n<meta property=\"article:modified_time\" content=\"2023-02-10T16:00:28+00:00\" \/>\n<meta property=\"og:image\" content=\"https:\/\/admirablemoroccotours.com\/wp-content\/uploads\/2023\/02\/ait-ben-haddou-kasbah.jpg\" \/>\n<meta name=\"twitter:card\" content=\"summary_large_image\" \/>\n<meta name=\"twitter:label1\" content=\"Tiempo de lectura\" \/>\n\t<meta name=\"twitter:data1\" content=\"1 minuto\" \/>\n<script type=\"application\/ld+json\" class=\"yoast-schema-graph\">{\"@context\":\"https:\/\/schema.org\",\"@graph\":[{\"@type\":\"WebPage\",\"@id\":\"https:\/\/admirablemoroccotours.com\/es\/excursiones-de-un-dia-desde-marrakech\/\",\"url\":\"https:\/\/admirablemoroccotours.com\/es\/excursiones-de-un-dia-desde-marrakech\/\",\"name\":\"Excursiones de un dia desde Marrakech - Admirable Morocco Tours\",\"isPartOf\":{\"@id\":\"https:\/\/admirablemoroccotours.com\/es\/#website\"},\"primaryImageOfPage\":{\"@id\":\"https:\/\/admirablemoroccotours.com\/es\/excursiones-de-un-dia-desde-marrakech\/#primaryimage\"},\"image\":{\"@id\":\"https:\/\/admirablemoroccotours.com\/es\/excursiones-de-un-dia-desde-marrakech\/#primaryimage\"},\"thumbnailUrl\":\"https:\/\/admirablemoroccotours.com\/wp-content\/uploads\/2023\/02\/ait-ben-haddou-kasbah.jpg\",\"datePublished\":\"2021-01-20T10:50:13+00:00\",\"dateModified\":\"2023-02-10T16:00:28+00:00\",\"description\":\"En Admirable Morocco Tours ofrecemos varias opciones de excursiones de un d\u00eda desde Marrakech para visitar diferentes lugares bien conocidos en Marruecos.\",\"breadcrumb\":{\"@id\":\"https:\/\/admirablemoroccotours.com\/es\/excursiones-de-un-dia-desde-marrakech\/#breadcrumb\"},\"inLanguage\":\"es\",\"potentialAction\":[{\"@type\":\"ReadAction\",\"target\":[\"https:\/\/admirablemoroccotours.com\/es\/excursiones-de-un-dia-desde-marrakech\/\"]}]},{\"@type\":\"ImageObject\",\"inLanguage\":\"es\",\"@id\":\"https:\/\/admirablemoroccotours.com\/es\/excursiones-de-un-dia-desde-marrakech\/#primaryimage\",\"url\":\"https:\/\/admirablemoroccotours.com\/wp-content\/uploads\/2023\/02\/ait-ben-haddou-kasbah.jpg\",\"contentUrl\":\"https:\/\/admirablemoroccotours.com\/wp-content\/uploads\/2023\/02\/ait-ben-haddou-kasbah.jpg\"},{\"@type\":\"BreadcrumbList\",\"@id\":\"https:\/\/admirablemoroccotours.com\/es\/excursiones-de-un-dia-desde-marrakech\/#breadcrumb\",\"itemListElement\":[{\"@type\":\"ListItem\",\"position\":1,\"name\":\"Home\",\"item\":\"https:\/\/admirablemoroccotours.com\/es\/\"},{\"@type\":\"ListItem\",\"position\":2,\"name\":\"Excursiones de un dia desde Marrakech\"}]},{\"@type\":\"WebSite\",\"@id\":\"https:\/\/admirablemoroccotours.com\/es\/#website\",\"url\":\"https:\/\/admirablemoroccotours.com\/es\/\",\"name\":\"Admirable Morocco Tours\",\"description\":\"\",\"publisher\":{\"@id\":\"https:\/\/admirablemoroccotours.com\/es\/#organization\"},\"potentialAction\":[{\"@type\":\"SearchAction\",\"target\":{\"@type\":\"EntryPoint\",\"urlTemplate\":\"https:\/\/admirablemoroccotours.com\/es\/?s={search_term_string}\"},\"query-input\":{\"@type\":\"PropertyValueSpecification\",\"valueRequired\":true,\"valueName\":\"search_term_string\"}}],\"inLanguage\":\"es\"},{\"@type\":\"Organization\",\"@id\":\"https:\/\/admirablemoroccotours.com\/es\/#organization\",\"name\":\"Admirable Morocco Tours\",\"url\":\"https:\/\/admirablemoroccotours.com\/es\/\",\"logo\":{\"@type\":\"ImageObject\",\"inLanguage\":\"es\",\"@id\":\"https:\/\/admirablemoroccotours.com\/es\/#\/schema\/logo\/image\/\",\"url\":\"https:\/\/admirablemoroccotours.com\/wp-content\/uploads\/2021\/02\/cropped-cropped-logo.png\",\"contentUrl\":\"https:\/\/admirablemoroccotours.com\/wp-content\/uploads\/2021\/02\/cropped-cropped-logo.png\",\"width\":1078,\"height\":975,\"caption\":\"Admirable Morocco Tours\"},\"image\":{\"@id\":\"https:\/\/admirablemoroccotours.com\/es\/#\/schema\/logo\/image\/\"}}]}<\/script>\n<!-- \/ Yoast SEO plugin. -->","yoast_head_json":{"title":"Excursiones de un dia desde Marrakech - Admirable Morocco Tours","description":"En Admirable Morocco Tours ofrecemos varias opciones de excursiones de un d\u00eda desde Marrakech para visitar diferentes lugares bien conocidos en Marruecos.","robots":{"index":"index","follow":"follow","max-snippet":"max-snippet:-1","max-image-preview":"max-image-preview:large","max-video-preview":"max-video-preview:-1"},"canonical":"https:\/\/admirablemoroccotours.com\/es\/excursiones-de-un-dia-desde-marrakech\/","og_locale":"es_ES","og_type":"article","og_title":"Excursiones de un dia desde Marrakech - Admirable Morocco Tours","og_description":"En Admirable Morocco Tours ofrecemos varias opciones de excursiones de un d\u00eda desde Marrakech para visitar diferentes lugares bien conocidos en Marruecos.","og_url":"https:\/\/admirablemoroccotours.com\/es\/excursiones-de-un-dia-desde-marrakech\/","og_site_name":"Admirable Morocco Tours","article_modified_time":"2023-02-10T16:00:28+00:00","og_image":[{"url":"https:\/\/admirablemoroccotours.com\/wp-content\/uploads\/2023\/02\/ait-ben-haddou-kasbah.jpg","type":"","width":"","height":""}],"twitter_card":"summary_large_image","twitter_misc":{"Tiempo de lectura":"1 minuto"},"schema":{"@context":"https:\/\/schema.org","@graph":[{"@type":"WebPage","@id":"https:\/\/admirablemoroccotours.com\/es\/excursiones-de-un-dia-desde-marrakech\/","url":"https:\/\/admirablemoroccotours.com\/es\/excursiones-de-un-dia-desde-marrakech\/","name":"Excursiones de un dia desde Marrakech - Admirable Morocco Tours","isPartOf":{"@id":"https:\/\/admirablemoroccotours.com\/es\/#website"},"primaryImageOfPage":{"@id":"https:\/\/admirablemoroccotours.com\/es\/excursiones-de-un-dia-desde-marrakech\/#primaryimage"},"image":{"@id":"https:\/\/admirablemoroccotours.com\/es\/excursiones-de-un-dia-desde-marrakech\/#primaryimage"},"thumbnailUrl":"https:\/\/admirablemoroccotours.com\/wp-content\/uploads\/2023\/02\/ait-ben-haddou-kasbah.jpg","datePublished":"2021-01-20T10:50:13+00:00","dateModified":"2023-02-10T16:00:28+00:00","description":"En Admirable Morocco Tours ofrecemos varias opciones de excursiones de un d\u00eda desde Marrakech para visitar diferentes lugares bien conocidos en Marruecos.","breadcrumb":{"@id":"https:\/\/admirablemoroccotours.com\/es\/excursiones-de-un-dia-desde-marrakech\/#breadcrumb"},"inLanguage":"es","potentialAction":[{"@type":"ReadAction","target":["https:\/\/admirablemoroccotours.com\/es\/excursiones-de-un-dia-desde-marrakech\/"]}]},{"@type":"ImageObject","inLanguage":"es","@id":"https:\/\/admirablemoroccotours.com\/es\/excursiones-de-un-dia-desde-marrakech\/#primaryimage","url":"https:\/\/admirablemoroccotours.com\/wp-content\/uploads\/2023\/02\/ait-ben-haddou-kasbah.jpg","contentUrl":"https:\/\/admirablemoroccotours.com\/wp-content\/uploads\/2023\/02\/ait-ben-haddou-kasbah.jpg"},{"@type":"BreadcrumbList","@id":"https:\/\/admirablemoroccotours.com\/es\/excursiones-de-un-dia-desde-marrakech\/#breadcrumb","itemListElement":[{"@type":"ListItem","position":1,"name":"Home","item":"https:\/\/admirablemoroccotours.com\/es\/"},{"@type":"ListItem","position":2,"name":"Excursiones de un dia desde Marrakech"}]},{"@type":"WebSite","@id":"https:\/\/admirablemoroccotours.com\/es\/#website","url":"https:\/\/admirablemoroccotours.com\/es\/","name":"Admirable Morocco Tours","description":"","publisher":{"@id":"https:\/\/admirablemoroccotours.com\/es\/#organization"},"potentialAction":[{"@type":"SearchAction","target":{"@type":"EntryPoint","urlTemplate":"https:\/\/admirablemoroccotours.com\/es\/?s={search_term_string}"},"query-input":{"@type":"PropertyValueSpecification","valueRequired":true,"valueName":"search_term_string"}}],"inLanguage":"es"},{"@type":"Organization","@id":"https:\/\/admirablemoroccotours.com\/es\/#organization","name":"Admirable Morocco Tours","url":"https:\/\/admirablemoroccotours.com\/es\/","logo":{"@type":"ImageObject","inLanguage":"es","@id":"https:\/\/admirablemoroccotours.com\/es\/#\/schema\/logo\/image\/","url":"https:\/\/admirablemoroccotours.com\/wp-content\/uploads\/2021\/02\/cropped-cropped-logo.png","contentUrl":"https:\/\/admirablemoroccotours.com\/wp-content\/uploads\/2021\/02\/cropped-cropped-logo.png","width":1078,"height":975,"caption":"Admirable Morocco Tours"},"image":{"@id":"https:\/\/admirablemoroccotours.com\/es\/#\/schema\/logo\/image\/"}}]}},"_links":{"self":[{"href":"https:\/\/admirablemoroccotours.com\/es\/wp-json\/wp\/v2\/pages\/1058","targetHints":{"allow":["GET"]}}],"collection":[{"href":"https:\/\/admirablemoroccotours.com\/es\/wp-json\/wp\/v2\/pages"}],"about":[{"href":"https:\/\/admirablemoroccotours.com\/es\/wp-json\/wp\/v2\/types\/page"}],"author":[{"embeddable":true,"href":"https:\/\/admirablemoroccotours.com\/es\/wp-json\/wp\/v2\/users\/1"}],"replies":[{"embeddable":true,"href":"https:\/\/admirablemoroccotours.com\/es\/wp-json\/wp\/v2\/comments?post=1058"}],"version-history":[{"count":1,"href":"https:\/\/admirablemoroccotours.com\/es\/wp-json\/wp\/v2\/pages\/1058\/revisions"}],"predecessor-version":[{"id":1059,"href":"https:\/\/admirablemoroccotours.com\/es\/wp-json\/wp\/v2\/pages\/1058\/revisions\/1059"}],"wp:attachment":[{"href":"https:\/\/admirablemoroccotours.com\/es\/wp-json\/wp\/v2\/media?parent=1058"}],"curies":[{"name":"wp","href":"https:\/\/api.w.org\/{rel}","templated":true}]}}