{"id":1076,"date":"2021-01-20T10:45:44","date_gmt":"2021-01-20T10:45:44","guid":{"rendered":"https:\/\/admirablemoroccotours.com\/tours-desde-casablanca\/"},"modified":"2023-02-11T13:15:05","modified_gmt":"2023-02-11T13:15:05","slug":"tours-desde-casablanca","status":"publish","type":"page","link":"https:\/\/admirablemoroccotours.com\/es\/tours-desde-casablanca\/","title":{"rendered":"Tours Desde Casablanca"},"content":{"rendered":"\t\t<div data-elementor-type=\"wp-post\" data-elementor-id=\"1076\" class=\"elementor elementor-1076 elementor-26\" data-elementor-post-type=\"page\">\n\t\t\t\t\t\t<section class=\"elementor-section elementor-top-section elementor-element elementor-element-2b1ef3d0 elementor-section-stretched elementor-section-boxed elementor-section-height-default elementor-section-height-default\" data-id=\"2b1ef3d0\" data-element_type=\"section\" data-settings=\"{&quot;stretch_section&quot;:&quot;section-stretched&quot;,&quot;background_background&quot;:&quot;classic&quot;}\">\n\t\t\t\t\t\t<div class=\"elementor-container elementor-column-gap-default\">\n\t\t\t\t\t<div class=\"elementor-column elementor-col-100 elementor-top-column elementor-element elementor-element-634a2507\" data-id=\"634a2507\" data-element_type=\"column\">\n\t\t\t<div class=\"elementor-widget-wrap elementor-element-populated\">\n\t\t\t\t\t\t<div class=\"elementor-element elementor-element-52b0063b elementor-widget elementor-widget-heading\" data-id=\"52b0063b\" data-element_type=\"widget\" data-widget_type=\"heading.default\">\n\t\t\t\t<div class=\"elementor-widget-container\">\n\t\t\t\t\t<h1 class=\"elementor-heading-title elementor-size-default\">Tours Desde Casablanca<\/h1>\t\t\t\t<\/div>\n\t\t\t\t<\/div>\n\t\t\t\t\t<\/div>\n\t\t<\/div>\n\t\t\t\t\t<\/div>\n\t\t<\/section>\n\t\t\t\t<section class=\"elementor-section elementor-top-section elementor-element elementor-element-59962552 elementor-section-boxed elementor-section-height-default elementor-section-height-default\" data-id=\"59962552\" data-element_type=\"section\">\n\t\t\t\t\t\t<div class=\"elementor-container elementor-column-gap-default\">\n\t\t\t\t\t<div class=\"elementor-column elementor-col-33 elementor-top-column elementor-element elementor-element-6f5033e7\" data-id=\"6f5033e7\" data-element_type=\"column\">\n\t\t\t<div class=\"elementor-widget-wrap elementor-element-populated\">\n\t\t\t\t\t\t<div class=\"elementor-element elementor-element-56700e25 elementor-widget elementor-widget-image\" data-id=\"56700e25\" data-element_type=\"widget\" data-widget_type=\"image.default\">\n\t\t\t\t<div class=\"elementor-widget-container\">\n\t\t\t\t\t\t\t\t\t\t\t\t\t\t\t<img decoding=\"async\" src=\"https:\/\/admirablemoroccotours.com\/wp-content\/uploads\/2023\/02\/8-days-tour-from-Casablanca.jpg\" title=\"\" alt=\"8 days tour from Casablanca\" loading=\"lazy\" \/>\t\t\t\t\t\t\t\t\t\t\t\t\t\t\t<\/div>\n\t\t\t\t<\/div>\n\t\t\t\t<section class=\"elementor-section elementor-inner-section elementor-element elementor-element-5afbc880 elementor-section-boxed elementor-section-height-default elementor-section-height-default\" data-id=\"5afbc880\" data-element_type=\"section\" data-settings=\"{&quot;background_background&quot;:&quot;classic&quot;}\">\n\t\t\t\t\t\t<div class=\"elementor-container elementor-column-gap-default\">\n\t\t\t\t\t<div class=\"elementor-column elementor-col-100 elementor-inner-column elementor-element elementor-element-12635ffd\" data-id=\"12635ffd\" data-element_type=\"column\">\n\t\t\t<div class=\"elementor-widget-wrap elementor-element-populated\">\n\t\t\t\t\t\t<div class=\"elementor-element elementor-element-297df7da elementor-widget elementor-widget-heading\" data-id=\"297df7da\" data-element_type=\"widget\" data-widget_type=\"heading.default\">\n\t\t\t\t<div class=\"elementor-widget-container\">\n\t\t\t\t\t<h4 class=\"elementor-heading-title elementor-size-default\">Viaje de 8 d\u00edas de Casablanca a Marrakech<\/h4>\t\t\t\t<\/div>\n\t\t\t\t<\/div>\n\t\t\t\t<div class=\"elementor-element elementor-element-46c38bd1 elementor-widget elementor-widget-text-editor\" data-id=\"46c38bd1\" data-element_type=\"widget\" data-widget_type=\"text-editor.default\">\n\t\t\t\t<div class=\"elementor-widget-container\">\n\t\t\t\t\t\t\t\t\t<p>Un recorrido por Marruecos de 8 d\u00edas desde Casablanca para visitar ciudades imperiales y vivir una experiencia sahariana, antiguas kasbahs y mucho m\u00e1s.<\/p>\n\t\t\t\t\t\t\t\t<\/div>\n\t\t\t\t<\/div>\n\t\t\t\t\t<\/div>\n\t\t<\/div>\n\t\t\t\t\t<\/div>\n\t\t<\/section>\n\t\t\t\t<div class=\"elementor-element elementor-element-64bf4899 elementor-button-info elementor-align-justify elementor-widget elementor-widget-button\" data-id=\"64bf4899\" data-element_type=\"widget\" data-widget_type=\"button.default\">\n\t\t\t\t<div class=\"elementor-widget-container\">\n\t\t\t\t\t\t\t\t\t<div class=\"elementor-button-wrapper\">\n\t\t\t\t\t<a class=\"elementor-button elementor-button-link elementor-size-sm\" href=\"https:\/\/admirablemoroccotours.com\/es\/viaje-de-8-dias-de-casablanca-a-marrakech\/\">\n\t\t\t\t\t\t<span class=\"elementor-button-content-wrapper\">\n\t\t\t\t\t\t\t\t\t<span class=\"elementor-button-text\">Consultar Itinerario<\/span>\n\t\t\t\t\t<\/span>\n\t\t\t\t\t<\/a>\n\t\t\t\t<\/div>\n\t\t\t\t\t\t\t\t<\/div>\n\t\t\t\t<\/div>\n\t\t\t\t\t<\/div>\n\t\t<\/div>\n\t\t\t\t<div class=\"elementor-column elementor-col-33 elementor-top-column elementor-element elementor-element-39df56d9\" data-id=\"39df56d9\" data-element_type=\"column\">\n\t\t\t<div class=\"elementor-widget-wrap elementor-element-populated\">\n\t\t\t\t\t\t<div class=\"elementor-element elementor-element-4256b706 elementor-widget elementor-widget-image\" data-id=\"4256b706\" data-element_type=\"widget\" data-widget_type=\"image.default\">\n\t\t\t\t<div class=\"elementor-widget-container\">\n\t\t\t\t\t\t\t\t\t\t\t\t\t\t\t<img decoding=\"async\" src=\"https:\/\/admirablemoroccotours.com\/wp-content\/uploads\/2023\/02\/13-days-tour-from-Casablanca.jpg\" title=\"\" alt=\"13 days tour from Casablanca\" loading=\"lazy\" \/>\t\t\t\t\t\t\t\t\t\t\t\t\t\t\t<\/div>\n\t\t\t\t<\/div>\n\t\t\t\t<section class=\"elementor-section elementor-inner-section elementor-element elementor-element-ab49534 elementor-section-boxed elementor-section-height-default elementor-section-height-default\" data-id=\"ab49534\" data-element_type=\"section\" data-settings=\"{&quot;background_background&quot;:&quot;classic&quot;}\">\n\t\t\t\t\t\t<div class=\"elementor-container elementor-column-gap-default\">\n\t\t\t\t\t<div class=\"elementor-column elementor-col-100 elementor-inner-column elementor-element elementor-element-7676db88\" data-id=\"7676db88\" data-element_type=\"column\">\n\t\t\t<div class=\"elementor-widget-wrap elementor-element-populated\">\n\t\t\t\t\t\t<div class=\"elementor-element elementor-element-2166aa60 elementor-widget elementor-widget-heading\" data-id=\"2166aa60\" data-element_type=\"widget\" data-widget_type=\"heading.default\">\n\t\t\t\t<div class=\"elementor-widget-container\">\n\t\t\t\t\t<h4 class=\"elementor-heading-title elementor-size-default\"><a href=\"#\">Gran viaje de 13 d\u00edas de Casablanca a Casablanca<\/a><\/h4>\t\t\t\t<\/div>\n\t\t\t\t<\/div>\n\t\t\t\t<div class=\"elementor-element elementor-element-38b0bdca elementor-widget elementor-widget-text-editor\" data-id=\"38b0bdca\" data-element_type=\"widget\" data-widget_type=\"text-editor.default\">\n\t\t\t\t<div class=\"elementor-widget-container\">\n\t\t\t\t\t\t\t\t\t<p>Un gran viaje de 13 d\u00edas desde Casablanca para visitar distintos lugares de Marruecos, incluidas excursiones en camello y visitas guiadas a ciudades.<\/p>\n\t\t\t\t\t\t\t\t<\/div>\n\t\t\t\t<\/div>\n\t\t\t\t\t<\/div>\n\t\t<\/div>\n\t\t\t\t\t<\/div>\n\t\t<\/section>\n\t\t\t\t<div class=\"elementor-element elementor-element-44acfd5f elementor-button-info elementor-align-justify elementor-widget elementor-widget-button\" data-id=\"44acfd5f\" data-element_type=\"widget\" data-widget_type=\"button.default\">\n\t\t\t\t<div class=\"elementor-widget-container\">\n\t\t\t\t\t\t\t\t\t<div class=\"elementor-button-wrapper\">\n\t\t\t\t\t<a class=\"elementor-button elementor-button-link elementor-size-sm\" href=\"https:\/\/admirablemoroccotours.com\/es\/gran-viaje-de-13-dias-de-casablanca-a-casablanca\/\">\n\t\t\t\t\t\t<span class=\"elementor-button-content-wrapper\">\n\t\t\t\t\t\t\t\t\t<span class=\"elementor-button-text\">Consultar Itinerario<\/span>\n\t\t\t\t\t<\/span>\n\t\t\t\t\t<\/a>\n\t\t\t\t<\/div>\n\t\t\t\t\t\t\t\t<\/div>\n\t\t\t\t<\/div>\n\t\t\t\t\t<\/div>\n\t\t<\/div>\n\t\t\t\t<div class=\"elementor-column elementor-col-33 elementor-top-column elementor-element elementor-element-7fe33518\" data-id=\"7fe33518\" data-element_type=\"column\">\n\t\t\t<div class=\"elementor-widget-wrap elementor-element-populated\">\n\t\t\t\t\t\t<div class=\"elementor-element elementor-element-50b739d3 elementor-widget elementor-widget-image\" data-id=\"50b739d3\" data-element_type=\"widget\" data-widget_type=\"image.default\">\n\t\t\t\t<div class=\"elementor-widget-container\">\n\t\t\t\t\t\t\t\t\t\t\t\t\t\t\t<img decoding=\"async\" src=\"https:\/\/admirablemoroccotours.com\/wp-content\/uploads\/2023\/02\/15-days-tour-from-Casablanca.jpg\" title=\"\" alt=\"15 days tour from Casablanca\" loading=\"lazy\" \/>\t\t\t\t\t\t\t\t\t\t\t\t\t\t\t<\/div>\n\t\t\t\t<\/div>\n\t\t\t\t<section class=\"elementor-section elementor-inner-section elementor-element elementor-element-1165e0f5 elementor-section-boxed elementor-section-height-default elementor-section-height-default\" data-id=\"1165e0f5\" data-element_type=\"section\" data-settings=\"{&quot;background_background&quot;:&quot;classic&quot;}\">\n\t\t\t\t\t\t<div class=\"elementor-container elementor-column-gap-default\">\n\t\t\t\t\t<div class=\"elementor-column elementor-col-100 elementor-inner-column elementor-element elementor-element-4851c4ff\" data-id=\"4851c4ff\" data-element_type=\"column\">\n\t\t\t<div class=\"elementor-widget-wrap elementor-element-populated\">\n\t\t\t\t\t\t<div class=\"elementor-element elementor-element-3a2eab7 elementor-widget elementor-widget-heading\" data-id=\"3a2eab7\" data-element_type=\"widget\" data-widget_type=\"heading.default\">\n\t\t\t\t<div class=\"elementor-widget-container\">\n\t\t\t\t\t<h4 class=\"elementor-heading-title elementor-size-default\"><a href=\"#\">15 D\u00edas Viaje a Marruecos desde Casablanca<\/a><\/h4>\t\t\t\t<\/div>\n\t\t\t\t<\/div>\n\t\t\t\t<div class=\"elementor-element elementor-element-25338b44 elementor-widget elementor-widget-text-editor\" data-id=\"25338b44\" data-element_type=\"widget\" data-widget_type=\"text-editor.default\">\n\t\t\t\t<div class=\"elementor-widget-container\">\n\t\t\t\t\t\t\t\t\t<p>Explore ciudades imperiales, antiguas kasbahs, monta\u00f1as, el desierto del S\u00e1hara y mucho m\u00e1s en una aventura de 15 d\u00edas desde Casablanca.<\/p>\n\t\t\t\t\t\t\t\t<\/div>\n\t\t\t\t<\/div>\n\t\t\t\t\t<\/div>\n\t\t<\/div>\n\t\t\t\t\t<\/div>\n\t\t<\/section>\n\t\t\t\t<div class=\"elementor-element elementor-element-6ceba7c7 elementor-button-info elementor-align-justify elementor-widget elementor-widget-button\" data-id=\"6ceba7c7\" data-element_type=\"widget\" data-widget_type=\"button.default\">\n\t\t\t\t<div class=\"elementor-widget-container\">\n\t\t\t\t\t\t\t\t\t<div class=\"elementor-button-wrapper\">\n\t\t\t\t\t<a class=\"elementor-button elementor-button-link elementor-size-sm\" href=\"https:\/\/admirablemoroccotours.com\/es\/15-dias-viaje-a-marruecos-desde-casablanca\/\">\n\t\t\t\t\t\t<span class=\"elementor-button-content-wrapper\">\n\t\t\t\t\t\t\t\t\t<span class=\"elementor-button-text\">Consultar Itinerario<\/span>\n\t\t\t\t\t<\/span>\n\t\t\t\t\t<\/a>\n\t\t\t\t<\/div>\n\t\t\t\t\t\t\t\t<\/div>\n\t\t\t\t<\/div>\n\t\t\t\t\t<\/div>\n\t\t<\/div>\n\t\t\t\t\t<\/div>\n\t\t<\/section>\n\t\t\t\t<\/div>\n\t\t","protected":false},"excerpt":{"rendered":"<p>Tours Desde Casablanca Viaje de 8 d\u00edas de Casablanca a Marrakech Un recorrido por Marruecos de 8 d\u00edas desde Casablanca para visitar ciudades imperiales y vivir una experiencia sahariana, antiguas kasbahs y mucho m\u00e1s. Consultar Itinerario Gran viaje de 13 d\u00edas de Casablanca a Casablanca Un gran viaje de 13 d\u00edas desde Casablanca para visitar&#8230;<\/p>\n","protected":false},"author":1,"featured_media":0,"parent":0,"menu_order":0,"comment_status":"closed","ping_status":"closed","template":"elementor_header_footer","meta":{"_kad_post_transparent":"","_kad_post_title":"","_kad_post_layout":"","_kad_post_sidebar_id":"","_kad_post_content_style":"","_kad_post_vertical_padding":"","_kad_post_feature":"","_kad_post_feature_position":"","_kad_post_header":false,"_kad_post_footer":false,"_kad_post_classname":"","footnotes":""},"class_list":["post-1076","page","type-page","status-publish","hentry"],"yoast_head":"<!-- This site is optimized with the Yoast SEO plugin v26.5 - https:\/\/yoast.com\/wordpress\/plugins\/seo\/ -->\n<title>Tours Desde Casablanca - Admirable Morocco Tours<\/title>\n<meta name=\"description\" content=\"Tours desde Casablanca para explorar diferentes ciudades de Marruecos se ofrecen a precios excelentes en Admirable Morocco Tours.\" \/>\n<meta name=\"robots\" content=\"index, follow, max-snippet:-1, max-image-preview:large, max-video-preview:-1\" \/>\n<link rel=\"canonical\" href=\"https:\/\/admirablemoroccotours.com\/es\/tours-desde-casablanca\/\" \/>\n<meta property=\"og:locale\" content=\"es_ES\" \/>\n<meta property=\"og:type\" content=\"article\" \/>\n<meta property=\"og:title\" content=\"Tours Desde Casablanca - Admirable Morocco Tours\" \/>\n<meta property=\"og:description\" content=\"Tours desde Casablanca para explorar diferentes ciudades de Marruecos se ofrecen a precios excelentes en Admirable Morocco Tours.\" \/>\n<meta property=\"og:url\" content=\"https:\/\/admirablemoroccotours.com\/es\/tours-desde-casablanca\/\" \/>\n<meta property=\"og:site_name\" content=\"Admirable Morocco Tours\" \/>\n<meta property=\"article:modified_time\" content=\"2023-02-11T13:15:05+00:00\" \/>\n<meta property=\"og:image\" content=\"https:\/\/admirablemoroccotours.com\/wp-content\/uploads\/2023\/02\/8-days-tour-from-Casablanca.jpg\" \/>\n<meta name=\"twitter:card\" content=\"summary_large_image\" \/>\n<meta name=\"twitter:label1\" content=\"Tiempo de lectura\" \/>\n\t<meta name=\"twitter:data1\" content=\"1 minuto\" \/>\n<script type=\"application\/ld+json\" class=\"yoast-schema-graph\">{\"@context\":\"https:\/\/schema.org\",\"@graph\":[{\"@type\":\"WebPage\",\"@id\":\"https:\/\/admirablemoroccotours.com\/es\/tours-desde-casablanca\/\",\"url\":\"https:\/\/admirablemoroccotours.com\/es\/tours-desde-casablanca\/\",\"name\":\"Tours Desde Casablanca - Admirable Morocco Tours\",\"isPartOf\":{\"@id\":\"https:\/\/admirablemoroccotours.com\/es\/#website\"},\"primaryImageOfPage\":{\"@id\":\"https:\/\/admirablemoroccotours.com\/es\/tours-desde-casablanca\/#primaryimage\"},\"image\":{\"@id\":\"https:\/\/admirablemoroccotours.com\/es\/tours-desde-casablanca\/#primaryimage\"},\"thumbnailUrl\":\"https:\/\/admirablemoroccotours.com\/wp-content\/uploads\/2023\/02\/8-days-tour-from-Casablanca.jpg\",\"datePublished\":\"2021-01-20T10:45:44+00:00\",\"dateModified\":\"2023-02-11T13:15:05+00:00\",\"description\":\"Tours desde Casablanca para explorar diferentes ciudades de Marruecos se ofrecen a precios excelentes en Admirable Morocco Tours.\",\"breadcrumb\":{\"@id\":\"https:\/\/admirablemoroccotours.com\/es\/tours-desde-casablanca\/#breadcrumb\"},\"inLanguage\":\"es\",\"potentialAction\":[{\"@type\":\"ReadAction\",\"target\":[\"https:\/\/admirablemoroccotours.com\/es\/tours-desde-casablanca\/\"]}]},{\"@type\":\"ImageObject\",\"inLanguage\":\"es\",\"@id\":\"https:\/\/admirablemoroccotours.com\/es\/tours-desde-casablanca\/#primaryimage\",\"url\":\"https:\/\/admirablemoroccotours.com\/wp-content\/uploads\/2023\/02\/8-days-tour-from-Casablanca.jpg\",\"contentUrl\":\"https:\/\/admirablemoroccotours.com\/wp-content\/uploads\/2023\/02\/8-days-tour-from-Casablanca.jpg\"},{\"@type\":\"BreadcrumbList\",\"@id\":\"https:\/\/admirablemoroccotours.com\/es\/tours-desde-casablanca\/#breadcrumb\",\"itemListElement\":[{\"@type\":\"ListItem\",\"position\":1,\"name\":\"Home\",\"item\":\"https:\/\/admirablemoroccotours.com\/es\/\"},{\"@type\":\"ListItem\",\"position\":2,\"name\":\"Tours Desde Casablanca\"}]},{\"@type\":\"WebSite\",\"@id\":\"https:\/\/admirablemoroccotours.com\/es\/#website\",\"url\":\"https:\/\/admirablemoroccotours.com\/es\/\",\"name\":\"Admirable Morocco Tours\",\"description\":\"\",\"publisher\":{\"@id\":\"https:\/\/admirablemoroccotours.com\/es\/#organization\"},\"potentialAction\":[{\"@type\":\"SearchAction\",\"target\":{\"@type\":\"EntryPoint\",\"urlTemplate\":\"https:\/\/admirablemoroccotours.com\/es\/?s={search_term_string}\"},\"query-input\":{\"@type\":\"PropertyValueSpecification\",\"valueRequired\":true,\"valueName\":\"search_term_string\"}}],\"inLanguage\":\"es\"},{\"@type\":\"Organization\",\"@id\":\"https:\/\/admirablemoroccotours.com\/es\/#organization\",\"name\":\"Admirable Morocco Tours\",\"url\":\"https:\/\/admirablemoroccotours.com\/es\/\",\"logo\":{\"@type\":\"ImageObject\",\"inLanguage\":\"es\",\"@id\":\"https:\/\/admirablemoroccotours.com\/es\/#\/schema\/logo\/image\/\",\"url\":\"https:\/\/admirablemoroccotours.com\/wp-content\/uploads\/2021\/02\/cropped-cropped-logo.png\",\"contentUrl\":\"https:\/\/admirablemoroccotours.com\/wp-content\/uploads\/2021\/02\/cropped-cropped-logo.png\",\"width\":1078,\"height\":975,\"caption\":\"Admirable Morocco Tours\"},\"image\":{\"@id\":\"https:\/\/admirablemoroccotours.com\/es\/#\/schema\/logo\/image\/\"}}]}<\/script>\n<!-- \/ Yoast SEO plugin. -->","yoast_head_json":{"title":"Tours Desde Casablanca - Admirable Morocco Tours","description":"Tours desde Casablanca para explorar diferentes ciudades de Marruecos se ofrecen a precios excelentes en Admirable Morocco Tours.","robots":{"index":"index","follow":"follow","max-snippet":"max-snippet:-1","max-image-preview":"max-image-preview:large","max-video-preview":"max-video-preview:-1"},"canonical":"https:\/\/admirablemoroccotours.com\/es\/tours-desde-casablanca\/","og_locale":"es_ES","og_type":"article","og_title":"Tours Desde Casablanca - Admirable Morocco Tours","og_description":"Tours desde Casablanca para explorar diferentes ciudades de Marruecos se ofrecen a precios excelentes en Admirable Morocco Tours.","og_url":"https:\/\/admirablemoroccotours.com\/es\/tours-desde-casablanca\/","og_site_name":"Admirable Morocco Tours","article_modified_time":"2023-02-11T13:15:05+00:00","og_image":[{"url":"https:\/\/admirablemoroccotours.com\/wp-content\/uploads\/2023\/02\/8-days-tour-from-Casablanca.jpg","type":"","width":"","height":""}],"twitter_card":"summary_large_image","twitter_misc":{"Tiempo de lectura":"1 minuto"},"schema":{"@context":"https:\/\/schema.org","@graph":[{"@type":"WebPage","@id":"https:\/\/admirablemoroccotours.com\/es\/tours-desde-casablanca\/","url":"https:\/\/admirablemoroccotours.com\/es\/tours-desde-casablanca\/","name":"Tours Desde Casablanca - Admirable Morocco Tours","isPartOf":{"@id":"https:\/\/admirablemoroccotours.com\/es\/#website"},"primaryImageOfPage":{"@id":"https:\/\/admirablemoroccotours.com\/es\/tours-desde-casablanca\/#primaryimage"},"image":{"@id":"https:\/\/admirablemoroccotours.com\/es\/tours-desde-casablanca\/#primaryimage"},"thumbnailUrl":"https:\/\/admirablemoroccotours.com\/wp-content\/uploads\/2023\/02\/8-days-tour-from-Casablanca.jpg","datePublished":"2021-01-20T10:45:44+00:00","dateModified":"2023-02-11T13:15:05+00:00","description":"Tours desde Casablanca para explorar diferentes ciudades de Marruecos se ofrecen a precios excelentes en Admirable Morocco Tours.","breadcrumb":{"@id":"https:\/\/admirablemoroccotours.com\/es\/tours-desde-casablanca\/#breadcrumb"},"inLanguage":"es","potentialAction":[{"@type":"ReadAction","target":["https:\/\/admirablemoroccotours.com\/es\/tours-desde-casablanca\/"]}]},{"@type":"ImageObject","inLanguage":"es","@id":"https:\/\/admirablemoroccotours.com\/es\/tours-desde-casablanca\/#primaryimage","url":"https:\/\/admirablemoroccotours.com\/wp-content\/uploads\/2023\/02\/8-days-tour-from-Casablanca.jpg","contentUrl":"https:\/\/admirablemoroccotours.com\/wp-content\/uploads\/2023\/02\/8-days-tour-from-Casablanca.jpg"},{"@type":"BreadcrumbList","@id":"https:\/\/admirablemoroccotours.com\/es\/tours-desde-casablanca\/#breadcrumb","itemListElement":[{"@type":"ListItem","position":1,"name":"Home","item":"https:\/\/admirablemoroccotours.com\/es\/"},{"@type":"ListItem","position":2,"name":"Tours Desde Casablanca"}]},{"@type":"WebSite","@id":"https:\/\/admirablemoroccotours.com\/es\/#website","url":"https:\/\/admirablemoroccotours.com\/es\/","name":"Admirable Morocco Tours","description":"","publisher":{"@id":"https:\/\/admirablemoroccotours.com\/es\/#organization"},"potentialAction":[{"@type":"SearchAction","target":{"@type":"EntryPoint","urlTemplate":"https:\/\/admirablemoroccotours.com\/es\/?s={search_term_string}"},"query-input":{"@type":"PropertyValueSpecification","valueRequired":true,"valueName":"search_term_string"}}],"inLanguage":"es"},{"@type":"Organization","@id":"https:\/\/admirablemoroccotours.com\/es\/#organization","name":"Admirable Morocco Tours","url":"https:\/\/admirablemoroccotours.com\/es\/","logo":{"@type":"ImageObject","inLanguage":"es","@id":"https:\/\/admirablemoroccotours.com\/es\/#\/schema\/logo\/image\/","url":"https:\/\/admirablemoroccotours.com\/wp-content\/uploads\/2021\/02\/cropped-cropped-logo.png","contentUrl":"https:\/\/admirablemoroccotours.com\/wp-content\/uploads\/2021\/02\/cropped-cropped-logo.png","width":1078,"height":975,"caption":"Admirable Morocco Tours"},"image":{"@id":"https:\/\/admirablemoroccotours.com\/es\/#\/schema\/logo\/image\/"}}]}},"_links":{"self":[{"href":"https:\/\/admirablemoroccotours.com\/es\/wp-json\/wp\/v2\/pages\/1076","targetHints":{"allow":["GET"]}}],"collection":[{"href":"https:\/\/admirablemoroccotours.com\/es\/wp-json\/wp\/v2\/pages"}],"about":[{"href":"https:\/\/admirablemoroccotours.com\/es\/wp-json\/wp\/v2\/types\/page"}],"author":[{"embeddable":true,"href":"https:\/\/admirablemoroccotours.com\/es\/wp-json\/wp\/v2\/users\/1"}],"replies":[{"embeddable":true,"href":"https:\/\/admirablemoroccotours.com\/es\/wp-json\/wp\/v2\/comments?post=1076"}],"version-history":[{"count":1,"href":"https:\/\/admirablemoroccotours.com\/es\/wp-json\/wp\/v2\/pages\/1076\/revisions"}],"predecessor-version":[{"id":1077,"href":"https:\/\/admirablemoroccotours.com\/es\/wp-json\/wp\/v2\/pages\/1076\/revisions\/1077"}],"wp:attachment":[{"href":"https:\/\/admirablemoroccotours.com\/es\/wp-json\/wp\/v2\/media?parent=1076"}],"curies":[{"name":"wp","href":"https:\/\/api.w.org\/{rel}","templated":true}]}}