{"id":1078,"date":"2021-01-20T10:45:19","date_gmt":"2021-01-20T10:45:19","guid":{"rendered":"https:\/\/admirablemoroccotours.com\/tours-desde-fez\/"},"modified":"2023-02-11T13:17:37","modified_gmt":"2023-02-11T13:17:37","slug":"tours-desde-fez","status":"publish","type":"page","link":"https:\/\/admirablemoroccotours.com\/es\/tours-desde-fez\/","title":{"rendered":"Tours Desde Fez"},"content":{"rendered":"\t\t<div data-elementor-type=\"wp-post\" data-elementor-id=\"1078\" class=\"elementor elementor-1078 elementor-24\" data-elementor-post-type=\"page\">\n\t\t\t\t\t\t<section class=\"elementor-section elementor-top-section elementor-element elementor-element-2efa96ae elementor-section-stretched elementor-section-boxed elementor-section-height-default elementor-section-height-default\" data-id=\"2efa96ae\" data-element_type=\"section\" data-settings=\"{&quot;stretch_section&quot;:&quot;section-stretched&quot;,&quot;background_background&quot;:&quot;classic&quot;}\">\n\t\t\t\t\t\t<div class=\"elementor-container elementor-column-gap-default\">\n\t\t\t\t\t<div class=\"elementor-column elementor-col-100 elementor-top-column elementor-element elementor-element-289e1d8e\" data-id=\"289e1d8e\" data-element_type=\"column\">\n\t\t\t<div class=\"elementor-widget-wrap elementor-element-populated\">\n\t\t\t\t\t\t<div class=\"elementor-element elementor-element-2aeb9d70 elementor-widget elementor-widget-heading\" data-id=\"2aeb9d70\" data-element_type=\"widget\" data-widget_type=\"heading.default\">\n\t\t\t\t<div class=\"elementor-widget-container\">\n\t\t\t\t\t<h1 class=\"elementor-heading-title elementor-size-default\">Tours Desde Fez<\/h1>\t\t\t\t<\/div>\n\t\t\t\t<\/div>\n\t\t\t\t\t<\/div>\n\t\t<\/div>\n\t\t\t\t\t<\/div>\n\t\t<\/section>\n\t\t\t\t<section class=\"elementor-section elementor-top-section elementor-element elementor-element-97d1869 elementor-section-boxed elementor-section-height-default elementor-section-height-default\" data-id=\"97d1869\" data-element_type=\"section\">\n\t\t\t\t\t\t<div class=\"elementor-container elementor-column-gap-default\">\n\t\t\t\t\t<div class=\"elementor-column elementor-col-33 elementor-top-column elementor-element elementor-element-25f891d6\" data-id=\"25f891d6\" data-element_type=\"column\">\n\t\t\t<div class=\"elementor-widget-wrap elementor-element-populated\">\n\t\t\t\t\t\t<div class=\"elementor-element elementor-element-55e26c8f elementor-widget elementor-widget-image\" data-id=\"55e26c8f\" data-element_type=\"widget\" data-widget_type=\"image.default\">\n\t\t\t\t<div class=\"elementor-widget-container\">\n\t\t\t\t\t\t\t\t\t\t\t\t\t\t\t<img decoding=\"async\" src=\"https:\/\/admirablemoroccotours.com\/wp-content\/uploads\/2023\/02\/3-days-fes-to-merzouga.jpg\" title=\"\" alt=\"3 days fes to merzouga\" loading=\"lazy\" \/>\t\t\t\t\t\t\t\t\t\t\t\t\t\t\t<\/div>\n\t\t\t\t<\/div>\n\t\t\t\t<section class=\"elementor-section elementor-inner-section elementor-element elementor-element-48a2f88f elementor-section-boxed elementor-section-height-default elementor-section-height-default\" data-id=\"48a2f88f\" data-element_type=\"section\" data-settings=\"{&quot;background_background&quot;:&quot;classic&quot;}\">\n\t\t\t\t\t\t<div class=\"elementor-container elementor-column-gap-default\">\n\t\t\t\t\t<div class=\"elementor-column elementor-col-100 elementor-inner-column elementor-element elementor-element-5be4e48c\" data-id=\"5be4e48c\" data-element_type=\"column\">\n\t\t\t<div class=\"elementor-widget-wrap elementor-element-populated\">\n\t\t\t\t\t\t<div class=\"elementor-element elementor-element-8f34b9b elementor-widget elementor-widget-heading\" data-id=\"8f34b9b\" data-element_type=\"widget\" data-widget_type=\"heading.default\">\n\t\t\t\t<div class=\"elementor-widget-container\">\n\t\t\t\t\t<h4 class=\"elementor-heading-title elementor-size-default\">Ruta de 3 d\u00edas de Fez a Merzouga y Vuelta<\/h4>\t\t\t\t<\/div>\n\t\t\t\t<\/div>\n\t\t\t\t<div class=\"elementor-element elementor-element-59426ca3 elementor-widget elementor-widget-text-editor\" data-id=\"59426ca3\" data-element_type=\"widget\" data-widget_type=\"text-editor.default\">\n\t\t\t\t<div class=\"elementor-widget-container\">\n\t\t\t\t\t\t\t\t\t<p>Explore Ait ben Haddou, haga una excursi\u00f3n en camello en Merzouga y visite otras ciudades interesantes en 3 d\u00edas de viaje desde Fez y de regreso a Fez.<\/p>\n\t\t\t\t\t\t\t\t<\/div>\n\t\t\t\t<\/div>\n\t\t\t\t\t<\/div>\n\t\t<\/div>\n\t\t\t\t\t<\/div>\n\t\t<\/section>\n\t\t\t\t<div class=\"elementor-element elementor-element-1b810f14 elementor-button-info elementor-align-justify elementor-widget elementor-widget-button\" data-id=\"1b810f14\" data-element_type=\"widget\" data-widget_type=\"button.default\">\n\t\t\t\t<div class=\"elementor-widget-container\">\n\t\t\t\t\t\t\t\t\t<div class=\"elementor-button-wrapper\">\n\t\t\t\t\t<a class=\"elementor-button elementor-button-link elementor-size-sm\" href=\"https:\/\/admirablemoroccotours.com\/es\/ruta-de-3-dias-de-fez-a-merzouga-y-vuelta\/\">\n\t\t\t\t\t\t<span class=\"elementor-button-content-wrapper\">\n\t\t\t\t\t\t\t\t\t<span class=\"elementor-button-text\">Consultar Itinerario<\/span>\n\t\t\t\t\t<\/span>\n\t\t\t\t\t<\/a>\n\t\t\t\t<\/div>\n\t\t\t\t\t\t\t\t<\/div>\n\t\t\t\t<\/div>\n\t\t\t\t\t<\/div>\n\t\t<\/div>\n\t\t\t\t<div class=\"elementor-column elementor-col-33 elementor-top-column elementor-element elementor-element-7b04b3af\" data-id=\"7b04b3af\" data-element_type=\"column\">\n\t\t\t<div class=\"elementor-widget-wrap elementor-element-populated\">\n\t\t\t\t\t\t<div class=\"elementor-element elementor-element-2c8673e3 elementor-widget elementor-widget-image\" data-id=\"2c8673e3\" data-element_type=\"widget\" data-widget_type=\"image.default\">\n\t\t\t\t<div class=\"elementor-widget-container\">\n\t\t\t\t\t\t\t\t\t\t\t\t\t\t\t<img fetchpriority=\"high\" decoding=\"async\" width=\"640\" height=\"426\" src=\"https:\/\/admirablemoroccotours.com\/wp-content\/uploads\/2023\/02\/3-days-fes-to-marrakech.jpg\" class=\"attachment-large size-large wp-image-703\" alt=\"3 days fes to marrakech\" srcset=\"https:\/\/admirablemoroccotours.com\/wp-content\/uploads\/2023\/02\/3-days-fes-to-marrakech.jpg 640w, https:\/\/admirablemoroccotours.com\/wp-content\/uploads\/2023\/02\/3-days-fes-to-marrakech-300x200.jpg 300w, https:\/\/admirablemoroccotours.com\/wp-content\/uploads\/2023\/02\/3-days-fes-to-marrakech-600x400.jpg 600w\" sizes=\"(max-width: 640px) 100vw, 640px\" \/>\t\t\t\t\t\t\t\t\t\t\t\t\t\t\t<\/div>\n\t\t\t\t<\/div>\n\t\t\t\t<section class=\"elementor-section elementor-inner-section elementor-element elementor-element-20a10f82 elementor-section-boxed elementor-section-height-default elementor-section-height-default\" data-id=\"20a10f82\" data-element_type=\"section\" data-settings=\"{&quot;background_background&quot;:&quot;classic&quot;}\">\n\t\t\t\t\t\t<div class=\"elementor-container elementor-column-gap-default\">\n\t\t\t\t\t<div class=\"elementor-column elementor-col-100 elementor-inner-column elementor-element elementor-element-5770c618\" data-id=\"5770c618\" data-element_type=\"column\">\n\t\t\t<div class=\"elementor-widget-wrap elementor-element-populated\">\n\t\t\t\t\t\t<div class=\"elementor-element elementor-element-6abfaedd elementor-widget elementor-widget-heading\" data-id=\"6abfaedd\" data-element_type=\"widget\" data-widget_type=\"heading.default\">\n\t\t\t\t<div class=\"elementor-widget-container\">\n\t\t\t\t\t<h4 class=\"elementor-heading-title elementor-size-default\"><a href=\"#\">Ruta de 3 d\u00edas por Marruecos de Fez a Marrakech<\/a><\/h4>\t\t\t\t<\/div>\n\t\t\t\t<\/div>\n\t\t\t\t<div class=\"elementor-element elementor-element-382bf0a5 elementor-widget elementor-widget-text-editor\" data-id=\"382bf0a5\" data-element_type=\"widget\" data-widget_type=\"text-editor.default\">\n\t\t\t\t<div class=\"elementor-widget-container\">\n\t\t\t\t\t\t\t\t\t<p>Disfrute de una experiencia en el S\u00e1hara y en otras de las ciudades marroqu\u00edes m\u00e1s visitadas en una excursi\u00f3n de 3 d\u00edas por el desierto con salida de Fez y destino Marrakech.<\/p>\n\t\t\t\t\t\t\t\t<\/div>\n\t\t\t\t<\/div>\n\t\t\t\t\t<\/div>\n\t\t<\/div>\n\t\t\t\t\t<\/div>\n\t\t<\/section>\n\t\t\t\t<div class=\"elementor-element elementor-element-53125fb9 elementor-button-info elementor-align-justify elementor-widget elementor-widget-button\" data-id=\"53125fb9\" data-element_type=\"widget\" data-widget_type=\"button.default\">\n\t\t\t\t<div class=\"elementor-widget-container\">\n\t\t\t\t\t\t\t\t\t<div class=\"elementor-button-wrapper\">\n\t\t\t\t\t<a class=\"elementor-button elementor-button-link elementor-size-sm\" href=\"https:\/\/admirablemoroccotours.com\/es\/ruta-de-3-dias-por-marruecos-de-fez-a-marrakech\/\">\n\t\t\t\t\t\t<span class=\"elementor-button-content-wrapper\">\n\t\t\t\t\t\t\t\t\t<span class=\"elementor-button-text\">Consultar Itinerario<\/span>\n\t\t\t\t\t<\/span>\n\t\t\t\t\t<\/a>\n\t\t\t\t<\/div>\n\t\t\t\t\t\t\t\t<\/div>\n\t\t\t\t<\/div>\n\t\t\t\t\t<\/div>\n\t\t<\/div>\n\t\t\t\t<div class=\"elementor-column elementor-col-33 elementor-top-column elementor-element elementor-element-79813037\" data-id=\"79813037\" data-element_type=\"column\">\n\t\t\t<div class=\"elementor-widget-wrap elementor-element-populated\">\n\t\t\t\t\t\t<div class=\"elementor-element elementor-element-34c64848 elementor-widget elementor-widget-image\" data-id=\"34c64848\" data-element_type=\"widget\" data-widget_type=\"image.default\">\n\t\t\t\t<div class=\"elementor-widget-container\">\n\t\t\t\t\t\t\t\t\t\t\t\t\t\t\t<img decoding=\"async\" src=\"https:\/\/admirablemoroccotours.com\/wp-content\/uploads\/2023\/02\/4-days-fes-to-marrakech.jpg\" title=\"\" alt=\"4 days fes to marrakech\" loading=\"lazy\" \/>\t\t\t\t\t\t\t\t\t\t\t\t\t\t\t<\/div>\n\t\t\t\t<\/div>\n\t\t\t\t<section class=\"elementor-section elementor-inner-section elementor-element elementor-element-1395d29e elementor-section-boxed elementor-section-height-default elementor-section-height-default\" data-id=\"1395d29e\" data-element_type=\"section\" data-settings=\"{&quot;background_background&quot;:&quot;classic&quot;}\">\n\t\t\t\t\t\t<div class=\"elementor-container elementor-column-gap-default\">\n\t\t\t\t\t<div class=\"elementor-column elementor-col-100 elementor-inner-column elementor-element elementor-element-5d8cd27\" data-id=\"5d8cd27\" data-element_type=\"column\">\n\t\t\t<div class=\"elementor-widget-wrap elementor-element-populated\">\n\t\t\t\t\t\t<div class=\"elementor-element elementor-element-2cf57d35 elementor-widget elementor-widget-heading\" data-id=\"2cf57d35\" data-element_type=\"widget\" data-widget_type=\"heading.default\">\n\t\t\t\t<div class=\"elementor-widget-container\">\n\t\t\t\t\t<h4 class=\"elementor-heading-title elementor-size-default\"><a href=\"#\">4 d\u00edas Circuito Marroqu\u00ed de Fez a Marrakech<\/a><\/h4>\t\t\t\t<\/div>\n\t\t\t\t<\/div>\n\t\t\t\t<div class=\"elementor-element elementor-element-12b13865 elementor-widget elementor-widget-text-editor\" data-id=\"12b13865\" data-element_type=\"widget\" data-widget_type=\"text-editor.default\">\n\t\t\t\t<div class=\"elementor-widget-container\">\n\t\t\t\t\t\t\t\t\t<p>Un recorrido de 4 d\u00edas que le llevar\u00e1 a visitar diversos lugares y monumentos comenzando en Fez y terminando en Marrakech.<\/p>\n\t\t\t\t\t\t\t\t<\/div>\n\t\t\t\t<\/div>\n\t\t\t\t\t<\/div>\n\t\t<\/div>\n\t\t\t\t\t<\/div>\n\t\t<\/section>\n\t\t\t\t<div class=\"elementor-element elementor-element-5571ea08 elementor-button-info elementor-align-justify elementor-widget elementor-widget-button\" data-id=\"5571ea08\" data-element_type=\"widget\" data-widget_type=\"button.default\">\n\t\t\t\t<div class=\"elementor-widget-container\">\n\t\t\t\t\t\t\t\t\t<div class=\"elementor-button-wrapper\">\n\t\t\t\t\t<a class=\"elementor-button elementor-button-link elementor-size-sm\" href=\"https:\/\/admirablemoroccotours.com\/es\/4-dias-circuito-marroqui-de-fez-a-marrakech\/\">\n\t\t\t\t\t\t<span class=\"elementor-button-content-wrapper\">\n\t\t\t\t\t\t\t\t\t<span class=\"elementor-button-text\">Consultar Itinerario<\/span>\n\t\t\t\t\t<\/span>\n\t\t\t\t\t<\/a>\n\t\t\t\t<\/div>\n\t\t\t\t\t\t\t\t<\/div>\n\t\t\t\t<\/div>\n\t\t\t\t\t<\/div>\n\t\t<\/div>\n\t\t\t\t\t<\/div>\n\t\t<\/section>\n\t\t\t\t<section class=\"elementor-section elementor-top-section elementor-element elementor-element-89bc1e0 elementor-section-boxed elementor-section-height-default elementor-section-height-default\" data-id=\"89bc1e0\" data-element_type=\"section\">\n\t\t\t\t\t\t<div class=\"elementor-container elementor-column-gap-default\">\n\t\t\t\t\t<div class=\"elementor-column elementor-col-33 elementor-top-column elementor-element elementor-element-602a9f6\" data-id=\"602a9f6\" data-element_type=\"column\">\n\t\t\t<div class=\"elementor-widget-wrap elementor-element-populated\">\n\t\t\t\t\t\t<div class=\"elementor-element elementor-element-ef2b940 elementor-widget elementor-widget-image\" data-id=\"ef2b940\" data-element_type=\"widget\" data-widget_type=\"image.default\">\n\t\t\t\t<div class=\"elementor-widget-container\">\n\t\t\t\t\t\t\t\t\t\t\t\t\t\t\t<img decoding=\"async\" src=\"https:\/\/admirablemoroccotours.com\/wp-content\/uploads\/2023\/02\/Merzouga-Camel-Riding.jpg\" title=\"\" alt=\"Merzouga Camel Riding\" loading=\"lazy\" \/>\t\t\t\t\t\t\t\t\t\t\t\t\t\t\t<\/div>\n\t\t\t\t<\/div>\n\t\t\t\t<section class=\"elementor-section elementor-inner-section elementor-element elementor-element-c061849 elementor-section-boxed elementor-section-height-default elementor-section-height-default\" data-id=\"c061849\" data-element_type=\"section\" data-settings=\"{&quot;background_background&quot;:&quot;classic&quot;}\">\n\t\t\t\t\t\t<div class=\"elementor-container elementor-column-gap-default\">\n\t\t\t\t\t<div class=\"elementor-column elementor-col-100 elementor-inner-column elementor-element elementor-element-cfef1fc\" data-id=\"cfef1fc\" data-element_type=\"column\">\n\t\t\t<div class=\"elementor-widget-wrap elementor-element-populated\">\n\t\t\t\t\t\t<div class=\"elementor-element elementor-element-87a0c51 elementor-widget elementor-widget-heading\" data-id=\"87a0c51\" data-element_type=\"widget\" data-widget_type=\"heading.default\">\n\t\t\t\t<div class=\"elementor-widget-container\">\n\t\t\t\t\t<h4 class=\"elementor-heading-title elementor-size-default\">Ruta de 5 D\u00edas por el Desierto de Fez a Marrakech<\/h4>\t\t\t\t<\/div>\n\t\t\t\t<\/div>\n\t\t\t\t<div class=\"elementor-element elementor-element-2cb5d2c elementor-widget elementor-widget-text-editor\" data-id=\"2cb5d2c\" data-element_type=\"widget\" data-widget_type=\"text-editor.default\">\n\t\t\t\t<div class=\"elementor-widget-container\">\n\t\t\t\t\t\t\t\t\t<p>Prep\u00e1rese para una aventura de 5 d\u00edas en Marruecos desde Fez hacia las monta\u00f1as del Atlas y el desierto de Merzouga, y luego de vuelta a Marrakech.<\/p>\n\t\t\t\t\t\t\t\t<\/div>\n\t\t\t\t<\/div>\n\t\t\t\t\t<\/div>\n\t\t<\/div>\n\t\t\t\t\t<\/div>\n\t\t<\/section>\n\t\t\t\t<div class=\"elementor-element elementor-element-7dc59ba elementor-button-info elementor-align-justify elementor-widget elementor-widget-button\" data-id=\"7dc59ba\" data-element_type=\"widget\" data-widget_type=\"button.default\">\n\t\t\t\t<div class=\"elementor-widget-container\">\n\t\t\t\t\t\t\t\t\t<div class=\"elementor-button-wrapper\">\n\t\t\t\t\t<a class=\"elementor-button elementor-button-link elementor-size-sm\" href=\"https:\/\/admirablemoroccotours.com\/es\/ruta-de-5-dias-por-el-desierto-de-fez-a-marrakech\/\">\n\t\t\t\t\t\t<span class=\"elementor-button-content-wrapper\">\n\t\t\t\t\t\t\t\t\t<span class=\"elementor-button-text\">Consultar Itinerario<\/span>\n\t\t\t\t\t<\/span>\n\t\t\t\t\t<\/a>\n\t\t\t\t<\/div>\n\t\t\t\t\t\t\t\t<\/div>\n\t\t\t\t<\/div>\n\t\t\t\t\t<\/div>\n\t\t<\/div>\n\t\t\t\t<div class=\"elementor-column elementor-col-33 elementor-top-column elementor-element elementor-element-889fff4\" data-id=\"889fff4\" data-element_type=\"column\">\n\t\t\t<div class=\"elementor-widget-wrap\">\n\t\t\t\t\t\t\t<\/div>\n\t\t<\/div>\n\t\t\t\t<div class=\"elementor-column elementor-col-33 elementor-top-column elementor-element elementor-element-d40e7ba\" data-id=\"d40e7ba\" data-element_type=\"column\">\n\t\t\t<div class=\"elementor-widget-wrap\">\n\t\t\t\t\t\t\t<\/div>\n\t\t<\/div>\n\t\t\t\t\t<\/div>\n\t\t<\/section>\n\t\t\t\t<\/div>\n\t\t","protected":false},"excerpt":{"rendered":"<p>Tours Desde Fez Ruta de 3 d\u00edas de Fez a Merzouga y Vuelta Explore Ait ben Haddou, haga una excursi\u00f3n en camello en Merzouga y visite otras ciudades interesantes en 3 d\u00edas de viaje desde Fez y de regreso a Fez. Consultar Itinerario Ruta de 3 d\u00edas por Marruecos de Fez a Marrakech Disfrute de&#8230;<\/p>\n","protected":false},"author":1,"featured_media":0,"parent":0,"menu_order":0,"comment_status":"closed","ping_status":"closed","template":"elementor_header_footer","meta":{"_kad_post_transparent":"","_kad_post_title":"","_kad_post_layout":"","_kad_post_sidebar_id":"","_kad_post_content_style":"","_kad_post_vertical_padding":"","_kad_post_feature":"","_kad_post_feature_position":"","_kad_post_header":false,"_kad_post_footer":false,"_kad_post_classname":"","footnotes":""},"class_list":["post-1078","page","type-page","status-publish","hentry"],"yoast_head":"<!-- This site is optimized with the Yoast SEO plugin v26.5 - https:\/\/yoast.com\/wordpress\/plugins\/seo\/ -->\n<title>Tours Desde Fez - Admirable Morocco Tours<\/title>\n<meta name=\"description\" content=\"Nuestro objetivo es ofrecer las mejores excursiones por el desierto desde Fez, incluyendo visitas a kasbahs, el S\u00e1hara, desfiladeros, valles y excursiones en camello.\" \/>\n<meta name=\"robots\" content=\"index, follow, max-snippet:-1, max-image-preview:large, max-video-preview:-1\" \/>\n<link rel=\"canonical\" href=\"https:\/\/admirablemoroccotours.com\/es\/tours-desde-fez\/\" \/>\n<meta property=\"og:locale\" content=\"es_ES\" \/>\n<meta property=\"og:type\" content=\"article\" \/>\n<meta property=\"og:title\" content=\"Tours Desde Fez - Admirable Morocco Tours\" \/>\n<meta property=\"og:description\" content=\"Nuestro objetivo es ofrecer las mejores excursiones por el desierto desde Fez, incluyendo visitas a kasbahs, el S\u00e1hara, desfiladeros, valles y excursiones en camello.\" \/>\n<meta property=\"og:url\" content=\"https:\/\/admirablemoroccotours.com\/es\/tours-desde-fez\/\" \/>\n<meta property=\"og:site_name\" content=\"Admirable Morocco Tours\" \/>\n<meta property=\"article:modified_time\" content=\"2023-02-11T13:17:37+00:00\" \/>\n<meta property=\"og:image\" content=\"https:\/\/admirablemoroccotours.com\/wp-content\/uploads\/2023\/02\/3-days-fes-to-merzouga.jpg\" \/>\n<meta name=\"twitter:card\" content=\"summary_large_image\" \/>\n<meta name=\"twitter:label1\" content=\"Tiempo de lectura\" \/>\n\t<meta name=\"twitter:data1\" content=\"1 minuto\" \/>\n<script type=\"application\/ld+json\" class=\"yoast-schema-graph\">{\"@context\":\"https:\/\/schema.org\",\"@graph\":[{\"@type\":\"WebPage\",\"@id\":\"https:\/\/admirablemoroccotours.com\/es\/tours-desde-fez\/\",\"url\":\"https:\/\/admirablemoroccotours.com\/es\/tours-desde-fez\/\",\"name\":\"Tours Desde Fez - Admirable Morocco Tours\",\"isPartOf\":{\"@id\":\"https:\/\/admirablemoroccotours.com\/es\/#website\"},\"primaryImageOfPage\":{\"@id\":\"https:\/\/admirablemoroccotours.com\/es\/tours-desde-fez\/#primaryimage\"},\"image\":{\"@id\":\"https:\/\/admirablemoroccotours.com\/es\/tours-desde-fez\/#primaryimage\"},\"thumbnailUrl\":\"https:\/\/admirablemoroccotours.com\/wp-content\/uploads\/2023\/02\/3-days-fes-to-merzouga.jpg\",\"datePublished\":\"2021-01-20T10:45:19+00:00\",\"dateModified\":\"2023-02-11T13:17:37+00:00\",\"description\":\"Nuestro objetivo es ofrecer las mejores excursiones por el desierto desde Fez, incluyendo visitas a kasbahs, el S\u00e1hara, desfiladeros, valles y excursiones en camello.\",\"breadcrumb\":{\"@id\":\"https:\/\/admirablemoroccotours.com\/es\/tours-desde-fez\/#breadcrumb\"},\"inLanguage\":\"es\",\"potentialAction\":[{\"@type\":\"ReadAction\",\"target\":[\"https:\/\/admirablemoroccotours.com\/es\/tours-desde-fez\/\"]}]},{\"@type\":\"ImageObject\",\"inLanguage\":\"es\",\"@id\":\"https:\/\/admirablemoroccotours.com\/es\/tours-desde-fez\/#primaryimage\",\"url\":\"https:\/\/admirablemoroccotours.com\/wp-content\/uploads\/2023\/02\/3-days-fes-to-merzouga.jpg\",\"contentUrl\":\"https:\/\/admirablemoroccotours.com\/wp-content\/uploads\/2023\/02\/3-days-fes-to-merzouga.jpg\"},{\"@type\":\"BreadcrumbList\",\"@id\":\"https:\/\/admirablemoroccotours.com\/es\/tours-desde-fez\/#breadcrumb\",\"itemListElement\":[{\"@type\":\"ListItem\",\"position\":1,\"name\":\"Home\",\"item\":\"https:\/\/admirablemoroccotours.com\/es\/\"},{\"@type\":\"ListItem\",\"position\":2,\"name\":\"Tours Desde Fez\"}]},{\"@type\":\"WebSite\",\"@id\":\"https:\/\/admirablemoroccotours.com\/es\/#website\",\"url\":\"https:\/\/admirablemoroccotours.com\/es\/\",\"name\":\"Admirable Morocco Tours\",\"description\":\"\",\"publisher\":{\"@id\":\"https:\/\/admirablemoroccotours.com\/es\/#organization\"},\"potentialAction\":[{\"@type\":\"SearchAction\",\"target\":{\"@type\":\"EntryPoint\",\"urlTemplate\":\"https:\/\/admirablemoroccotours.com\/es\/?s={search_term_string}\"},\"query-input\":{\"@type\":\"PropertyValueSpecification\",\"valueRequired\":true,\"valueName\":\"search_term_string\"}}],\"inLanguage\":\"es\"},{\"@type\":\"Organization\",\"@id\":\"https:\/\/admirablemoroccotours.com\/es\/#organization\",\"name\":\"Admirable Morocco Tours\",\"url\":\"https:\/\/admirablemoroccotours.com\/es\/\",\"logo\":{\"@type\":\"ImageObject\",\"inLanguage\":\"es\",\"@id\":\"https:\/\/admirablemoroccotours.com\/es\/#\/schema\/logo\/image\/\",\"url\":\"https:\/\/admirablemoroccotours.com\/wp-content\/uploads\/2021\/02\/cropped-cropped-logo.png\",\"contentUrl\":\"https:\/\/admirablemoroccotours.com\/wp-content\/uploads\/2021\/02\/cropped-cropped-logo.png\",\"width\":1078,\"height\":975,\"caption\":\"Admirable Morocco Tours\"},\"image\":{\"@id\":\"https:\/\/admirablemoroccotours.com\/es\/#\/schema\/logo\/image\/\"}}]}<\/script>\n<!-- \/ Yoast SEO plugin. -->","yoast_head_json":{"title":"Tours Desde Fez - Admirable Morocco Tours","description":"Nuestro objetivo es ofrecer las mejores excursiones por el desierto desde Fez, incluyendo visitas a kasbahs, el S\u00e1hara, desfiladeros, valles y excursiones en camello.","robots":{"index":"index","follow":"follow","max-snippet":"max-snippet:-1","max-image-preview":"max-image-preview:large","max-video-preview":"max-video-preview:-1"},"canonical":"https:\/\/admirablemoroccotours.com\/es\/tours-desde-fez\/","og_locale":"es_ES","og_type":"article","og_title":"Tours Desde Fez - Admirable Morocco Tours","og_description":"Nuestro objetivo es ofrecer las mejores excursiones por el desierto desde Fez, incluyendo visitas a kasbahs, el S\u00e1hara, desfiladeros, valles y excursiones en camello.","og_url":"https:\/\/admirablemoroccotours.com\/es\/tours-desde-fez\/","og_site_name":"Admirable Morocco Tours","article_modified_time":"2023-02-11T13:17:37+00:00","og_image":[{"url":"https:\/\/admirablemoroccotours.com\/wp-content\/uploads\/2023\/02\/3-days-fes-to-merzouga.jpg","type":"","width":"","height":""}],"twitter_card":"summary_large_image","twitter_misc":{"Tiempo de lectura":"1 minuto"},"schema":{"@context":"https:\/\/schema.org","@graph":[{"@type":"WebPage","@id":"https:\/\/admirablemoroccotours.com\/es\/tours-desde-fez\/","url":"https:\/\/admirablemoroccotours.com\/es\/tours-desde-fez\/","name":"Tours Desde Fez - Admirable Morocco Tours","isPartOf":{"@id":"https:\/\/admirablemoroccotours.com\/es\/#website"},"primaryImageOfPage":{"@id":"https:\/\/admirablemoroccotours.com\/es\/tours-desde-fez\/#primaryimage"},"image":{"@id":"https:\/\/admirablemoroccotours.com\/es\/tours-desde-fez\/#primaryimage"},"thumbnailUrl":"https:\/\/admirablemoroccotours.com\/wp-content\/uploads\/2023\/02\/3-days-fes-to-merzouga.jpg","datePublished":"2021-01-20T10:45:19+00:00","dateModified":"2023-02-11T13:17:37+00:00","description":"Nuestro objetivo es ofrecer las mejores excursiones por el desierto desde Fez, incluyendo visitas a kasbahs, el S\u00e1hara, desfiladeros, valles y excursiones en camello.","breadcrumb":{"@id":"https:\/\/admirablemoroccotours.com\/es\/tours-desde-fez\/#breadcrumb"},"inLanguage":"es","potentialAction":[{"@type":"ReadAction","target":["https:\/\/admirablemoroccotours.com\/es\/tours-desde-fez\/"]}]},{"@type":"ImageObject","inLanguage":"es","@id":"https:\/\/admirablemoroccotours.com\/es\/tours-desde-fez\/#primaryimage","url":"https:\/\/admirablemoroccotours.com\/wp-content\/uploads\/2023\/02\/3-days-fes-to-merzouga.jpg","contentUrl":"https:\/\/admirablemoroccotours.com\/wp-content\/uploads\/2023\/02\/3-days-fes-to-merzouga.jpg"},{"@type":"BreadcrumbList","@id":"https:\/\/admirablemoroccotours.com\/es\/tours-desde-fez\/#breadcrumb","itemListElement":[{"@type":"ListItem","position":1,"name":"Home","item":"https:\/\/admirablemoroccotours.com\/es\/"},{"@type":"ListItem","position":2,"name":"Tours Desde Fez"}]},{"@type":"WebSite","@id":"https:\/\/admirablemoroccotours.com\/es\/#website","url":"https:\/\/admirablemoroccotours.com\/es\/","name":"Admirable Morocco Tours","description":"","publisher":{"@id":"https:\/\/admirablemoroccotours.com\/es\/#organization"},"potentialAction":[{"@type":"SearchAction","target":{"@type":"EntryPoint","urlTemplate":"https:\/\/admirablemoroccotours.com\/es\/?s={search_term_string}"},"query-input":{"@type":"PropertyValueSpecification","valueRequired":true,"valueName":"search_term_string"}}],"inLanguage":"es"},{"@type":"Organization","@id":"https:\/\/admirablemoroccotours.com\/es\/#organization","name":"Admirable Morocco Tours","url":"https:\/\/admirablemoroccotours.com\/es\/","logo":{"@type":"ImageObject","inLanguage":"es","@id":"https:\/\/admirablemoroccotours.com\/es\/#\/schema\/logo\/image\/","url":"https:\/\/admirablemoroccotours.com\/wp-content\/uploads\/2021\/02\/cropped-cropped-logo.png","contentUrl":"https:\/\/admirablemoroccotours.com\/wp-content\/uploads\/2021\/02\/cropped-cropped-logo.png","width":1078,"height":975,"caption":"Admirable Morocco Tours"},"image":{"@id":"https:\/\/admirablemoroccotours.com\/es\/#\/schema\/logo\/image\/"}}]}},"_links":{"self":[{"href":"https:\/\/admirablemoroccotours.com\/es\/wp-json\/wp\/v2\/pages\/1078","targetHints":{"allow":["GET"]}}],"collection":[{"href":"https:\/\/admirablemoroccotours.com\/es\/wp-json\/wp\/v2\/pages"}],"about":[{"href":"https:\/\/admirablemoroccotours.com\/es\/wp-json\/wp\/v2\/types\/page"}],"author":[{"embeddable":true,"href":"https:\/\/admirablemoroccotours.com\/es\/wp-json\/wp\/v2\/users\/1"}],"replies":[{"embeddable":true,"href":"https:\/\/admirablemoroccotours.com\/es\/wp-json\/wp\/v2\/comments?post=1078"}],"version-history":[{"count":1,"href":"https:\/\/admirablemoroccotours.com\/es\/wp-json\/wp\/v2\/pages\/1078\/revisions"}],"predecessor-version":[{"id":1079,"href":"https:\/\/admirablemoroccotours.com\/es\/wp-json\/wp\/v2\/pages\/1078\/revisions\/1079"}],"wp:attachment":[{"href":"https:\/\/admirablemoroccotours.com\/es\/wp-json\/wp\/v2\/media?parent=1078"}],"curies":[{"name":"wp","href":"https:\/\/api.w.org\/{rel}","templated":true}]}}