{"id":1082,"date":"2021-01-20T10:46:27","date_gmt":"2021-01-20T10:46:27","guid":{"rendered":"https:\/\/admirablemoroccotours.com\/tours-desde-tanger\/"},"modified":"2023-02-11T13:22:29","modified_gmt":"2023-02-11T13:22:29","slug":"tours-desde-tanger","status":"publish","type":"page","link":"https:\/\/admirablemoroccotours.com\/es\/tours-desde-tanger\/","title":{"rendered":"Tours Desde T\u00e1nger"},"content":{"rendered":"\t\t<div data-elementor-type=\"wp-post\" data-elementor-id=\"1082\" class=\"elementor elementor-1082 elementor-28\" data-elementor-post-type=\"page\">\n\t\t\t\t\t\t<section class=\"elementor-section elementor-top-section elementor-element elementor-element-25f338fb elementor-section-stretched elementor-section-boxed elementor-section-height-default elementor-section-height-default\" data-id=\"25f338fb\" data-element_type=\"section\" data-settings=\"{&quot;stretch_section&quot;:&quot;section-stretched&quot;,&quot;background_background&quot;:&quot;classic&quot;}\">\n\t\t\t\t\t\t<div class=\"elementor-container elementor-column-gap-default\">\n\t\t\t\t\t<div class=\"elementor-column elementor-col-100 elementor-top-column elementor-element elementor-element-529ed289\" data-id=\"529ed289\" data-element_type=\"column\">\n\t\t\t<div class=\"elementor-widget-wrap elementor-element-populated\">\n\t\t\t\t\t\t<div class=\"elementor-element elementor-element-70d7b103 elementor-widget elementor-widget-heading\" data-id=\"70d7b103\" data-element_type=\"widget\" data-widget_type=\"heading.default\">\n\t\t\t\t<div class=\"elementor-widget-container\">\n\t\t\t\t\t<h1 class=\"elementor-heading-title elementor-size-default\">Tours Desde T\u00e1nger<\/h1>\t\t\t\t<\/div>\n\t\t\t\t<\/div>\n\t\t\t\t\t<\/div>\n\t\t<\/div>\n\t\t\t\t\t<\/div>\n\t\t<\/section>\n\t\t\t\t<section class=\"elementor-section elementor-top-section elementor-element elementor-element-2295706 elementor-section-boxed elementor-section-height-default elementor-section-height-default\" data-id=\"2295706\" data-element_type=\"section\">\n\t\t\t\t\t\t<div class=\"elementor-container elementor-column-gap-default\">\n\t\t\t\t\t<div class=\"elementor-column elementor-col-33 elementor-top-column elementor-element elementor-element-7369b891\" data-id=\"7369b891\" data-element_type=\"column\">\n\t\t\t<div class=\"elementor-widget-wrap elementor-element-populated\">\n\t\t\t\t\t\t<div class=\"elementor-element elementor-element-533b5f34 elementor-widget elementor-widget-image\" data-id=\"533b5f34\" data-element_type=\"widget\" data-widget_type=\"image.default\">\n\t\t\t\t<div class=\"elementor-widget-container\">\n\t\t\t\t\t\t\t\t\t\t\t\t\t\t\t<img decoding=\"async\" src=\"https:\/\/admirablemoroccotours.com\/wp-content\/uploads\/2023\/02\/6-days-tour-from-Tangier.jpg\" title=\"\" alt=\"6 days tour from Tangier\" loading=\"lazy\" \/>\t\t\t\t\t\t\t\t\t\t\t\t\t\t\t<\/div>\n\t\t\t\t<\/div>\n\t\t\t\t<section class=\"elementor-section elementor-inner-section elementor-element elementor-element-ebf8462 elementor-section-boxed elementor-section-height-default elementor-section-height-default\" data-id=\"ebf8462\" data-element_type=\"section\" data-settings=\"{&quot;background_background&quot;:&quot;classic&quot;}\">\n\t\t\t\t\t\t<div class=\"elementor-container elementor-column-gap-default\">\n\t\t\t\t\t<div class=\"elementor-column elementor-col-100 elementor-inner-column elementor-element elementor-element-2f46f241\" data-id=\"2f46f241\" data-element_type=\"column\">\n\t\t\t<div class=\"elementor-widget-wrap elementor-element-populated\">\n\t\t\t\t\t\t<div class=\"elementor-element elementor-element-70502c2a elementor-widget elementor-widget-heading\" data-id=\"70502c2a\" data-element_type=\"widget\" data-widget_type=\"heading.default\">\n\t\t\t\t<div class=\"elementor-widget-container\">\n\t\t\t\t\t<h4 class=\"elementor-heading-title elementor-size-default\">Viaje de 6 d\u00edas de T\u00e1nger a Marrakech<\/h4>\t\t\t\t<\/div>\n\t\t\t\t<\/div>\n\t\t\t\t<div class=\"elementor-element elementor-element-20e9e310 elementor-widget elementor-widget-text-editor\" data-id=\"20e9e310\" data-element_type=\"widget\" data-widget_type=\"text-editor.default\">\n\t\t\t\t<div class=\"elementor-widget-container\">\n\t\t\t\t\t\t\t\t\t<p>Descubra ciudades imperiales, antiguas casbas, excursiones en camello y visitas guiadas locales en un viaje que parte de T\u00e1nger y llega a Marrakech.<\/p>\n\t\t\t\t\t\t\t\t<\/div>\n\t\t\t\t<\/div>\n\t\t\t\t\t<\/div>\n\t\t<\/div>\n\t\t\t\t\t<\/div>\n\t\t<\/section>\n\t\t\t\t<div class=\"elementor-element elementor-element-190e3005 elementor-button-info elementor-align-justify elementor-widget elementor-widget-button\" data-id=\"190e3005\" data-element_type=\"widget\" data-widget_type=\"button.default\">\n\t\t\t\t<div class=\"elementor-widget-container\">\n\t\t\t\t\t\t\t\t\t<div class=\"elementor-button-wrapper\">\n\t\t\t\t\t<a class=\"elementor-button elementor-button-link elementor-size-sm\" href=\"https:\/\/admirablemoroccotours.com\/es\/viaje-de-6-dias-de-tanger-a-marrakech\/\">\n\t\t\t\t\t\t<span class=\"elementor-button-content-wrapper\">\n\t\t\t\t\t\t\t\t\t<span class=\"elementor-button-text\">Consultar Itinerario<\/span>\n\t\t\t\t\t<\/span>\n\t\t\t\t\t<\/a>\n\t\t\t\t<\/div>\n\t\t\t\t\t\t\t\t<\/div>\n\t\t\t\t<\/div>\n\t\t\t\t\t<\/div>\n\t\t<\/div>\n\t\t\t\t<div class=\"elementor-column elementor-col-33 elementor-top-column elementor-element elementor-element-2c95e5d3\" data-id=\"2c95e5d3\" data-element_type=\"column\">\n\t\t\t<div class=\"elementor-widget-wrap elementor-element-populated\">\n\t\t\t\t\t\t<div class=\"elementor-element elementor-element-0192599 elementor-widget elementor-widget-image\" data-id=\"0192599\" data-element_type=\"widget\" data-widget_type=\"image.default\">\n\t\t\t\t<div class=\"elementor-widget-container\">\n\t\t\t\t\t\t\t\t\t\t\t\t\t\t\t<img decoding=\"async\" src=\"https:\/\/admirablemoroccotours.com\/wp-content\/uploads\/2023\/02\/8-days-tour-from-Tangier.jpg\" title=\"\" alt=\"8 days tour from Tangier\" loading=\"lazy\" \/>\t\t\t\t\t\t\t\t\t\t\t\t\t\t\t<\/div>\n\t\t\t\t<\/div>\n\t\t\t\t<section class=\"elementor-section elementor-inner-section elementor-element elementor-element-1d643c42 elementor-section-boxed elementor-section-height-default elementor-section-height-default\" data-id=\"1d643c42\" data-element_type=\"section\" data-settings=\"{&quot;background_background&quot;:&quot;classic&quot;}\">\n\t\t\t\t\t\t<div class=\"elementor-container elementor-column-gap-default\">\n\t\t\t\t\t<div class=\"elementor-column elementor-col-100 elementor-inner-column elementor-element elementor-element-22b00612\" data-id=\"22b00612\" data-element_type=\"column\">\n\t\t\t<div class=\"elementor-widget-wrap elementor-element-populated\">\n\t\t\t\t\t\t<div class=\"elementor-element elementor-element-eb935a0 elementor-widget elementor-widget-heading\" data-id=\"eb935a0\" data-element_type=\"widget\" data-widget_type=\"heading.default\">\n\t\t\t\t<div class=\"elementor-widget-container\">\n\t\t\t\t\t<h4 class=\"elementor-heading-title elementor-size-default\"><a href=\"#\">Viaje de 8 d\u00edas de T\u00e1nger a Marrakech<\/a><\/h4>\t\t\t\t<\/div>\n\t\t\t\t<\/div>\n\t\t\t\t<div class=\"elementor-element elementor-element-60ab0372 elementor-widget elementor-widget-text-editor\" data-id=\"60ab0372\" data-element_type=\"widget\" data-widget_type=\"text-editor.default\">\n\t\t\t\t<div class=\"elementor-widget-container\">\n\t\t\t\t\t\t\t\t\t<p>Un recorrido de 8 d\u00edas para visitar diversas ciudades marroqu\u00edes, incluidas kasbahs, monta\u00f1as del Atlas, S\u00e1hara y Oasis y mucho m\u00e1s.<\/p>\n\t\t\t\t\t\t\t\t<\/div>\n\t\t\t\t<\/div>\n\t\t\t\t\t<\/div>\n\t\t<\/div>\n\t\t\t\t\t<\/div>\n\t\t<\/section>\n\t\t\t\t<div class=\"elementor-element elementor-element-63501a99 elementor-button-info elementor-align-justify elementor-widget elementor-widget-button\" data-id=\"63501a99\" data-element_type=\"widget\" data-widget_type=\"button.default\">\n\t\t\t\t<div class=\"elementor-widget-container\">\n\t\t\t\t\t\t\t\t\t<div class=\"elementor-button-wrapper\">\n\t\t\t\t\t<a class=\"elementor-button elementor-button-link elementor-size-sm\" href=\"https:\/\/admirablemoroccotours.com\/es\/viaje-de-8-dias-de-tanger-a-marrakech\/\">\n\t\t\t\t\t\t<span class=\"elementor-button-content-wrapper\">\n\t\t\t\t\t\t\t\t\t<span class=\"elementor-button-text\">Consultar Itinerario<\/span>\n\t\t\t\t\t<\/span>\n\t\t\t\t\t<\/a>\n\t\t\t\t<\/div>\n\t\t\t\t\t\t\t\t<\/div>\n\t\t\t\t<\/div>\n\t\t\t\t\t<\/div>\n\t\t<\/div>\n\t\t\t\t<div class=\"elementor-column elementor-col-33 elementor-top-column elementor-element elementor-element-d89a5a1\" data-id=\"d89a5a1\" data-element_type=\"column\">\n\t\t\t<div class=\"elementor-widget-wrap elementor-element-populated\">\n\t\t\t\t\t\t<div class=\"elementor-element elementor-element-94052f8 elementor-widget elementor-widget-image\" data-id=\"94052f8\" data-element_type=\"widget\" data-widget_type=\"image.default\">\n\t\t\t\t<div class=\"elementor-widget-container\">\n\t\t\t\t\t\t\t\t\t\t\t\t\t\t\t<img decoding=\"async\" src=\"https:\/\/mozsteps.com\/admirable-morocco-tours\/wp-content\/uploads\/2021\/01\/tanger3.jpg\" title=\"\" alt=\"\" loading=\"lazy\" \/>\t\t\t\t\t\t\t\t\t\t\t\t\t\t\t<\/div>\n\t\t\t\t<\/div>\n\t\t\t\t<section class=\"elementor-section elementor-inner-section elementor-element elementor-element-6ed2564 elementor-section-boxed elementor-section-height-default elementor-section-height-default\" data-id=\"6ed2564\" data-element_type=\"section\" data-settings=\"{&quot;background_background&quot;:&quot;classic&quot;}\">\n\t\t\t\t\t\t<div class=\"elementor-container elementor-column-gap-default\">\n\t\t\t\t\t<div class=\"elementor-column elementor-col-100 elementor-inner-column elementor-element elementor-element-4839976\" data-id=\"4839976\" data-element_type=\"column\">\n\t\t\t<div class=\"elementor-widget-wrap elementor-element-populated\">\n\t\t\t\t\t\t<div class=\"elementor-element elementor-element-5cc8b1e0 elementor-widget elementor-widget-heading\" data-id=\"5cc8b1e0\" data-element_type=\"widget\" data-widget_type=\"heading.default\">\n\t\t\t\t<div class=\"elementor-widget-container\">\n\t\t\t\t\t<h4 class=\"elementor-heading-title elementor-size-default\"><a href=\"#\">Gran viaje de 11 d\u00edas de T\u00e1nger a Marrakech<\/a><\/h4>\t\t\t\t<\/div>\n\t\t\t\t<\/div>\n\t\t\t\t<div class=\"elementor-element elementor-element-5182538e elementor-widget elementor-widget-text-editor\" data-id=\"5182538e\" data-element_type=\"widget\" data-widget_type=\"text-editor.default\">\n\t\t\t\t<div class=\"elementor-widget-container\">\n\t\t\t\t\t\t\t\t\t<p>Un gran recorrido desde T\u00e1nger para visitar Kasbahs centenarias, cascadas, ciudades imperiales, el desierto del S\u00e1hara, monta\u00f1as y mucho m\u00e1s.<\/p>\n\t\t\t\t\t\t\t\t<\/div>\n\t\t\t\t<\/div>\n\t\t\t\t\t<\/div>\n\t\t<\/div>\n\t\t\t\t\t<\/div>\n\t\t<\/section>\n\t\t\t\t<div class=\"elementor-element elementor-element-884eee5 elementor-button-info elementor-align-justify elementor-widget elementor-widget-button\" data-id=\"884eee5\" data-element_type=\"widget\" data-widget_type=\"button.default\">\n\t\t\t\t<div class=\"elementor-widget-container\">\n\t\t\t\t\t\t\t\t\t<div class=\"elementor-button-wrapper\">\n\t\t\t\t\t<a class=\"elementor-button elementor-button-link elementor-size-sm\" href=\"https:\/\/admirablemoroccotours.com\/es\/gran-viaje-de-11-dias-de-tanger-a-marrakech\/\">\n\t\t\t\t\t\t<span class=\"elementor-button-content-wrapper\">\n\t\t\t\t\t\t\t\t\t<span class=\"elementor-button-text\">Consultar Itinerario<\/span>\n\t\t\t\t\t<\/span>\n\t\t\t\t\t<\/a>\n\t\t\t\t<\/div>\n\t\t\t\t\t\t\t\t<\/div>\n\t\t\t\t<\/div>\n\t\t\t\t\t<\/div>\n\t\t<\/div>\n\t\t\t\t\t<\/div>\n\t\t<\/section>\n\t\t\t\t<\/div>\n\t\t","protected":false},"excerpt":{"rendered":"<p>Tours Desde T\u00e1nger Viaje de 6 d\u00edas de T\u00e1nger a Marrakech Descubra ciudades imperiales, antiguas casbas, excursiones en camello y visitas guiadas locales en un viaje que parte de T\u00e1nger y llega a Marrakech. Consultar Itinerario Viaje de 8 d\u00edas de T\u00e1nger a Marrakech Un recorrido de 8 d\u00edas para visitar diversas ciudades marroqu\u00edes, incluidas&#8230;<\/p>\n","protected":false},"author":1,"featured_media":0,"parent":0,"menu_order":0,"comment_status":"closed","ping_status":"closed","template":"elementor_header_footer","meta":{"_kad_post_transparent":"","_kad_post_title":"","_kad_post_layout":"","_kad_post_sidebar_id":"","_kad_post_content_style":"","_kad_post_vertical_padding":"","_kad_post_feature":"","_kad_post_feature_position":"","_kad_post_header":false,"_kad_post_footer":false,"_kad_post_classname":"","footnotes":""},"class_list":["post-1082","page","type-page","status-publish","hentry"],"yoast_head":"<!-- This site is optimized with the Yoast SEO plugin v26.5 - https:\/\/yoast.com\/wordpress\/plugins\/seo\/ -->\n<title>Tours Desde T\u00e1nger - Admirable Morocco Tours<\/title>\n<meta name=\"description\" content=\"Admirable Morocco Tours ofrece los mejores circuitos desde T\u00e1nger para ayudar a los viajeros a organizar y sacar el m\u00e1ximo partido a su viaje por Marruecos.\" \/>\n<meta name=\"robots\" content=\"index, follow, max-snippet:-1, max-image-preview:large, max-video-preview:-1\" \/>\n<link rel=\"canonical\" href=\"https:\/\/admirablemoroccotours.com\/es\/tours-desde-tanger\/\" \/>\n<meta property=\"og:locale\" content=\"es_ES\" \/>\n<meta property=\"og:type\" content=\"article\" \/>\n<meta property=\"og:title\" content=\"Tours Desde T\u00e1nger - Admirable Morocco Tours\" \/>\n<meta property=\"og:description\" content=\"Admirable Morocco Tours ofrece los mejores circuitos desde T\u00e1nger para ayudar a los viajeros a organizar y sacar el m\u00e1ximo partido a su viaje por Marruecos.\" \/>\n<meta property=\"og:url\" content=\"https:\/\/admirablemoroccotours.com\/es\/tours-desde-tanger\/\" \/>\n<meta property=\"og:site_name\" content=\"Admirable Morocco Tours\" \/>\n<meta property=\"article:modified_time\" content=\"2023-02-11T13:22:29+00:00\" \/>\n<meta property=\"og:image\" content=\"https:\/\/admirablemoroccotours.com\/wp-content\/uploads\/2023\/02\/6-days-tour-from-Tangier.jpg\" \/>\n<meta name=\"twitter:card\" content=\"summary_large_image\" \/>\n<meta name=\"twitter:label1\" content=\"Tiempo de lectura\" \/>\n\t<meta name=\"twitter:data1\" content=\"1 minuto\" \/>\n<script type=\"application\/ld+json\" class=\"yoast-schema-graph\">{\"@context\":\"https:\/\/schema.org\",\"@graph\":[{\"@type\":\"WebPage\",\"@id\":\"https:\/\/admirablemoroccotours.com\/es\/tours-desde-tanger\/\",\"url\":\"https:\/\/admirablemoroccotours.com\/es\/tours-desde-tanger\/\",\"name\":\"Tours Desde T\u00e1nger - Admirable Morocco Tours\",\"isPartOf\":{\"@id\":\"https:\/\/admirablemoroccotours.com\/es\/#website\"},\"primaryImageOfPage\":{\"@id\":\"https:\/\/admirablemoroccotours.com\/es\/tours-desde-tanger\/#primaryimage\"},\"image\":{\"@id\":\"https:\/\/admirablemoroccotours.com\/es\/tours-desde-tanger\/#primaryimage\"},\"thumbnailUrl\":\"https:\/\/admirablemoroccotours.com\/wp-content\/uploads\/2023\/02\/6-days-tour-from-Tangier.jpg\",\"datePublished\":\"2021-01-20T10:46:27+00:00\",\"dateModified\":\"2023-02-11T13:22:29+00:00\",\"description\":\"Admirable Morocco Tours ofrece los mejores circuitos desde T\u00e1nger para ayudar a los viajeros a organizar y sacar el m\u00e1ximo partido a su viaje por Marruecos.\",\"breadcrumb\":{\"@id\":\"https:\/\/admirablemoroccotours.com\/es\/tours-desde-tanger\/#breadcrumb\"},\"inLanguage\":\"es\",\"potentialAction\":[{\"@type\":\"ReadAction\",\"target\":[\"https:\/\/admirablemoroccotours.com\/es\/tours-desde-tanger\/\"]}]},{\"@type\":\"ImageObject\",\"inLanguage\":\"es\",\"@id\":\"https:\/\/admirablemoroccotours.com\/es\/tours-desde-tanger\/#primaryimage\",\"url\":\"https:\/\/admirablemoroccotours.com\/wp-content\/uploads\/2023\/02\/6-days-tour-from-Tangier.jpg\",\"contentUrl\":\"https:\/\/admirablemoroccotours.com\/wp-content\/uploads\/2023\/02\/6-days-tour-from-Tangier.jpg\"},{\"@type\":\"BreadcrumbList\",\"@id\":\"https:\/\/admirablemoroccotours.com\/es\/tours-desde-tanger\/#breadcrumb\",\"itemListElement\":[{\"@type\":\"ListItem\",\"position\":1,\"name\":\"Home\",\"item\":\"https:\/\/admirablemoroccotours.com\/es\/\"},{\"@type\":\"ListItem\",\"position\":2,\"name\":\"Tours Desde T\u00e1nger\"}]},{\"@type\":\"WebSite\",\"@id\":\"https:\/\/admirablemoroccotours.com\/es\/#website\",\"url\":\"https:\/\/admirablemoroccotours.com\/es\/\",\"name\":\"Admirable Morocco Tours\",\"description\":\"\",\"publisher\":{\"@id\":\"https:\/\/admirablemoroccotours.com\/es\/#organization\"},\"potentialAction\":[{\"@type\":\"SearchAction\",\"target\":{\"@type\":\"EntryPoint\",\"urlTemplate\":\"https:\/\/admirablemoroccotours.com\/es\/?s={search_term_string}\"},\"query-input\":{\"@type\":\"PropertyValueSpecification\",\"valueRequired\":true,\"valueName\":\"search_term_string\"}}],\"inLanguage\":\"es\"},{\"@type\":\"Organization\",\"@id\":\"https:\/\/admirablemoroccotours.com\/es\/#organization\",\"name\":\"Admirable Morocco Tours\",\"url\":\"https:\/\/admirablemoroccotours.com\/es\/\",\"logo\":{\"@type\":\"ImageObject\",\"inLanguage\":\"es\",\"@id\":\"https:\/\/admirablemoroccotours.com\/es\/#\/schema\/logo\/image\/\",\"url\":\"https:\/\/admirablemoroccotours.com\/wp-content\/uploads\/2021\/02\/cropped-cropped-logo.png\",\"contentUrl\":\"https:\/\/admirablemoroccotours.com\/wp-content\/uploads\/2021\/02\/cropped-cropped-logo.png\",\"width\":1078,\"height\":975,\"caption\":\"Admirable Morocco Tours\"},\"image\":{\"@id\":\"https:\/\/admirablemoroccotours.com\/es\/#\/schema\/logo\/image\/\"}}]}<\/script>\n<!-- \/ Yoast SEO plugin. -->","yoast_head_json":{"title":"Tours Desde T\u00e1nger - Admirable Morocco Tours","description":"Admirable Morocco Tours ofrece los mejores circuitos desde T\u00e1nger para ayudar a los viajeros a organizar y sacar el m\u00e1ximo partido a su viaje por Marruecos.","robots":{"index":"index","follow":"follow","max-snippet":"max-snippet:-1","max-image-preview":"max-image-preview:large","max-video-preview":"max-video-preview:-1"},"canonical":"https:\/\/admirablemoroccotours.com\/es\/tours-desde-tanger\/","og_locale":"es_ES","og_type":"article","og_title":"Tours Desde T\u00e1nger - Admirable Morocco Tours","og_description":"Admirable Morocco Tours ofrece los mejores circuitos desde T\u00e1nger para ayudar a los viajeros a organizar y sacar el m\u00e1ximo partido a su viaje por Marruecos.","og_url":"https:\/\/admirablemoroccotours.com\/es\/tours-desde-tanger\/","og_site_name":"Admirable Morocco Tours","article_modified_time":"2023-02-11T13:22:29+00:00","og_image":[{"url":"https:\/\/admirablemoroccotours.com\/wp-content\/uploads\/2023\/02\/6-days-tour-from-Tangier.jpg","type":"","width":"","height":""}],"twitter_card":"summary_large_image","twitter_misc":{"Tiempo de lectura":"1 minuto"},"schema":{"@context":"https:\/\/schema.org","@graph":[{"@type":"WebPage","@id":"https:\/\/admirablemoroccotours.com\/es\/tours-desde-tanger\/","url":"https:\/\/admirablemoroccotours.com\/es\/tours-desde-tanger\/","name":"Tours Desde T\u00e1nger - Admirable Morocco Tours","isPartOf":{"@id":"https:\/\/admirablemoroccotours.com\/es\/#website"},"primaryImageOfPage":{"@id":"https:\/\/admirablemoroccotours.com\/es\/tours-desde-tanger\/#primaryimage"},"image":{"@id":"https:\/\/admirablemoroccotours.com\/es\/tours-desde-tanger\/#primaryimage"},"thumbnailUrl":"https:\/\/admirablemoroccotours.com\/wp-content\/uploads\/2023\/02\/6-days-tour-from-Tangier.jpg","datePublished":"2021-01-20T10:46:27+00:00","dateModified":"2023-02-11T13:22:29+00:00","description":"Admirable Morocco Tours ofrece los mejores circuitos desde T\u00e1nger para ayudar a los viajeros a organizar y sacar el m\u00e1ximo partido a su viaje por Marruecos.","breadcrumb":{"@id":"https:\/\/admirablemoroccotours.com\/es\/tours-desde-tanger\/#breadcrumb"},"inLanguage":"es","potentialAction":[{"@type":"ReadAction","target":["https:\/\/admirablemoroccotours.com\/es\/tours-desde-tanger\/"]}]},{"@type":"ImageObject","inLanguage":"es","@id":"https:\/\/admirablemoroccotours.com\/es\/tours-desde-tanger\/#primaryimage","url":"https:\/\/admirablemoroccotours.com\/wp-content\/uploads\/2023\/02\/6-days-tour-from-Tangier.jpg","contentUrl":"https:\/\/admirablemoroccotours.com\/wp-content\/uploads\/2023\/02\/6-days-tour-from-Tangier.jpg"},{"@type":"BreadcrumbList","@id":"https:\/\/admirablemoroccotours.com\/es\/tours-desde-tanger\/#breadcrumb","itemListElement":[{"@type":"ListItem","position":1,"name":"Home","item":"https:\/\/admirablemoroccotours.com\/es\/"},{"@type":"ListItem","position":2,"name":"Tours Desde T\u00e1nger"}]},{"@type":"WebSite","@id":"https:\/\/admirablemoroccotours.com\/es\/#website","url":"https:\/\/admirablemoroccotours.com\/es\/","name":"Admirable Morocco Tours","description":"","publisher":{"@id":"https:\/\/admirablemoroccotours.com\/es\/#organization"},"potentialAction":[{"@type":"SearchAction","target":{"@type":"EntryPoint","urlTemplate":"https:\/\/admirablemoroccotours.com\/es\/?s={search_term_string}"},"query-input":{"@type":"PropertyValueSpecification","valueRequired":true,"valueName":"search_term_string"}}],"inLanguage":"es"},{"@type":"Organization","@id":"https:\/\/admirablemoroccotours.com\/es\/#organization","name":"Admirable Morocco Tours","url":"https:\/\/admirablemoroccotours.com\/es\/","logo":{"@type":"ImageObject","inLanguage":"es","@id":"https:\/\/admirablemoroccotours.com\/es\/#\/schema\/logo\/image\/","url":"https:\/\/admirablemoroccotours.com\/wp-content\/uploads\/2021\/02\/cropped-cropped-logo.png","contentUrl":"https:\/\/admirablemoroccotours.com\/wp-content\/uploads\/2021\/02\/cropped-cropped-logo.png","width":1078,"height":975,"caption":"Admirable Morocco Tours"},"image":{"@id":"https:\/\/admirablemoroccotours.com\/es\/#\/schema\/logo\/image\/"}}]}},"_links":{"self":[{"href":"https:\/\/admirablemoroccotours.com\/es\/wp-json\/wp\/v2\/pages\/1082","targetHints":{"allow":["GET"]}}],"collection":[{"href":"https:\/\/admirablemoroccotours.com\/es\/wp-json\/wp\/v2\/pages"}],"about":[{"href":"https:\/\/admirablemoroccotours.com\/es\/wp-json\/wp\/v2\/types\/page"}],"author":[{"embeddable":true,"href":"https:\/\/admirablemoroccotours.com\/es\/wp-json\/wp\/v2\/users\/1"}],"replies":[{"embeddable":true,"href":"https:\/\/admirablemoroccotours.com\/es\/wp-json\/wp\/v2\/comments?post=1082"}],"version-history":[{"count":1,"href":"https:\/\/admirablemoroccotours.com\/es\/wp-json\/wp\/v2\/pages\/1082\/revisions"}],"predecessor-version":[{"id":1083,"href":"https:\/\/admirablemoroccotours.com\/es\/wp-json\/wp\/v2\/pages\/1082\/revisions\/1083"}],"wp:attachment":[{"href":"https:\/\/admirablemoroccotours.com\/es\/wp-json\/wp\/v2\/media?parent=1082"}],"curies":[{"name":"wp","href":"https:\/\/api.w.org\/{rel}","templated":true}]}}